{"id":3700,"date":"2020-12-01T15:08:23","date_gmt":"2020-12-01T15:08:23","guid":{"rendered":"http:\/\/rightfranceriviera.com\/accueil"},"modified":"2021-02-19T09:01:43","modified_gmt":"2021-02-19T09:01:43","slug":"accueil","status":"publish","type":"page","link":"https:\/\/rightfranceriviera.com\/fr","title":{"rendered":"Accueil"},"content":{"rendered":"","protected":false},"excerpt":{"rendered":"","protected":false},"author":1,"featured_media":4483,"parent":0,"menu_order":0,"comment_status":"open","ping_status":"open","template":"template-home.php","meta":{"footnotes":""},"class_list":["post-3700","page","type-page","status-publish","has-post-thumbnail","hentry"],"yoast_head":"<!-- This site is optimized with the Yoast SEO plugin v25.0 - https:\/\/yoast.com\/wordpress\/plugins\/seo\/ -->\n<title>Immobilier de luxe de Nice \u00e0 Monaco | Right France Riviera<\/title>\n<meta name=\"description\" content=\"Chez Right France Riviera, nous sommes sp\u00e9cialis\u00e9s dans l&#039;immobilier de prestige \u00e0 Villefranche-sur-Mer, Saint-Jean-Cap-Ferrat, Beaulieu-sur-Mer et au-del\u00e0.\" \/>\n<meta name=\"robots\" content=\"index, follow, max-snippet:-1, max-image-preview:large, max-video-preview:-1\" \/>\n<link rel=\"canonical\" href=\"https:\/\/rightfranceriviera.com\/fr\" \/>\n<meta property=\"og:locale\" content=\"fr_FR\" \/>\n<meta property=\"og:type\" content=\"article\" \/>\n<meta property=\"og:title\" content=\"Immobilier de luxe de Nice \u00e0 Monaco | Right France Riviera\" \/>\n<meta property=\"og:description\" content=\"Chez Right France Riviera, nous sommes sp\u00e9cialis\u00e9s dans l&#039;immobilier de prestige \u00e0 Villefranche-sur-Mer, Saint-Jean-Cap-Ferrat, Beaulieu-sur-Mer et au-del\u00e0.\" \/>\n<meta property=\"og:url\" content=\"https:\/\/rightfranceriviera.com\/fr\" \/>\n<meta property=\"og:site_name\" content=\"Right France Riviera\" \/>\n<meta property=\"article:modified_time\" content=\"2021-02-19T09:01:43+00:00\" \/>\n<meta property=\"og:image\" content=\"https:\/\/rightfranceriviera.com\/wp-content\/uploads\/Luxury-villa-for-sale-Beaulieu-sur-Mer.jpg\" \/>\n\t<meta property=\"og:image:width\" content=\"1500\" \/>\n\t<meta property=\"og:image:height\" content=\"1001\" \/>\n\t<meta property=\"og:image:type\" content=\"image\/jpeg\" \/>\n<meta name=\"twitter:card\" content=\"summary_large_image\" \/>\n<script type=\"application\/ld+json\" class=\"yoast-schema-graph\">{\"@context\":\"https:\/\/schema.org\",\"@graph\":[{\"@type\":\"WebPage\",\"@id\":\"https:\/\/rightfranceriviera.com\/fr\",\"url\":\"https:\/\/rightfranceriviera.com\/fr\",\"name\":\"Immobilier de luxe de Nice \u00e0 Monaco | Right France Riviera\",\"isPartOf\":{\"@id\":\"https:\/\/rightfranceriviera.com\/fr#website\"},\"primaryImageOfPage\":{\"@id\":\"https:\/\/rightfranceriviera.com\/fr#primaryimage\"},\"image\":{\"@id\":\"https:\/\/rightfranceriviera.com\/fr#primaryimage\"},\"thumbnailUrl\":\"https:\/\/rightfranceriviera.com\/wp-content\/uploads\/Luxury-villa-for-sale-Beaulieu-sur-Mer.jpg\",\"datePublished\":\"2020-12-01T15:08:23+00:00\",\"dateModified\":\"2021-02-19T09:01:43+00:00\",\"description\":\"Chez Right France Riviera, nous sommes sp\u00e9cialis\u00e9s dans l'immobilier de prestige \u00e0 Villefranche-sur-Mer, Saint-Jean-Cap-Ferrat, Beaulieu-sur-Mer et au-del\u00e0.\",\"breadcrumb\":{\"@id\":\"https:\/\/rightfranceriviera.com\/fr#breadcrumb\"},\"inLanguage\":\"fr-FR\",\"potentialAction\":[{\"@type\":\"ReadAction\",\"target\":[\"https:\/\/rightfranceriviera.com\/fr\"]}]},{\"@type\":\"ImageObject\",\"inLanguage\":\"fr-FR\",\"@id\":\"https:\/\/rightfranceriviera.com\/fr#primaryimage\",\"url\":\"https:\/\/rightfranceriviera.com\/wp-content\/uploads\/Luxury-villa-for-sale-Beaulieu-sur-Mer.jpg\",\"contentUrl\":\"https:\/\/rightfranceriviera.com\/wp-content\/uploads\/Luxury-villa-for-sale-Beaulieu-sur-Mer.jpg\",\"width\":1500,\"height\":1001},{\"@type\":\"BreadcrumbList\",\"@id\":\"https:\/\/rightfranceriviera.com\/fr#breadcrumb\",\"itemListElement\":[{\"@type\":\"ListItem\",\"position\":1,\"name\":\"Home\",\"item\":\"https:\/\/rightfranceriviera.com\/fr\"},{\"@type\":\"ListItem\",\"position\":2,\"name\":\"Accueil\"}]},{\"@type\":\"WebSite\",\"@id\":\"https:\/\/rightfranceriviera.com\/fr#website\",\"url\":\"https:\/\/rightfranceriviera.com\/fr\",\"name\":\"Right France Riviera\",\"description\":\"R\u00eave de la C\u00f4te d'Azur\",\"potentialAction\":[{\"@type\":\"SearchAction\",\"target\":{\"@type\":\"EntryPoint\",\"urlTemplate\":\"https:\/\/rightfranceriviera.com\/fr?s={search_term_string}\"},\"query-input\":{\"@type\":\"PropertyValueSpecification\",\"valueRequired\":true,\"valueName\":\"search_term_string\"}}],\"inLanguage\":\"fr-FR\"}]}<\/script>\n<!-- \/ Yoast SEO plugin. -->","yoast_head_json":{"title":"Immobilier de luxe de Nice \u00e0 Monaco | Right France Riviera","description":"Chez Right France Riviera, nous sommes sp\u00e9cialis\u00e9s dans l'immobilier de prestige \u00e0 Villefranche-sur-Mer, Saint-Jean-Cap-Ferrat, Beaulieu-sur-Mer et au-del\u00e0.","robots":{"index":"index","follow":"follow","max-snippet":"max-snippet:-1","max-image-preview":"max-image-preview:large","max-video-preview":"max-video-preview:-1"},"canonical":"https:\/\/rightfranceriviera.com\/fr","og_locale":"fr_FR","og_type":"article","og_title":"Immobilier de luxe de Nice \u00e0 Monaco | Right France Riviera","og_description":"Chez Right France Riviera, nous sommes sp\u00e9cialis\u00e9s dans l'immobilier de prestige \u00e0 Villefranche-sur-Mer, Saint-Jean-Cap-Ferrat, Beaulieu-sur-Mer et au-del\u00e0.","og_url":"https:\/\/rightfranceriviera.com\/fr","og_site_name":"Right France Riviera","article_modified_time":"2021-02-19T09:01:43+00:00","og_image":[{"width":1500,"height":1001,"url":"https:\/\/rightfranceriviera.com\/wp-content\/uploads\/Luxury-villa-for-sale-Beaulieu-sur-Mer.jpg","type":"image\/jpeg"}],"twitter_card":"summary_large_image","schema":{"@context":"https:\/\/schema.org","@graph":[{"@type":"WebPage","@id":"https:\/\/rightfranceriviera.com\/fr","url":"https:\/\/rightfranceriviera.com\/fr","name":"Immobilier de luxe de Nice \u00e0 Monaco | Right France Riviera","isPartOf":{"@id":"https:\/\/rightfranceriviera.com\/fr#website"},"primaryImageOfPage":{"@id":"https:\/\/rightfranceriviera.com\/fr#primaryimage"},"image":{"@id":"https:\/\/rightfranceriviera.com\/fr#primaryimage"},"thumbnailUrl":"https:\/\/rightfranceriviera.com\/wp-content\/uploads\/Luxury-villa-for-sale-Beaulieu-sur-Mer.jpg","datePublished":"2020-12-01T15:08:23+00:00","dateModified":"2021-02-19T09:01:43+00:00","description":"Chez Right France Riviera, nous sommes sp\u00e9cialis\u00e9s dans l'immobilier de prestige \u00e0 Villefranche-sur-Mer, Saint-Jean-Cap-Ferrat, Beaulieu-sur-Mer et au-del\u00e0.","breadcrumb":{"@id":"https:\/\/rightfranceriviera.com\/fr#breadcrumb"},"inLanguage":"fr-FR","potentialAction":[{"@type":"ReadAction","target":["https:\/\/rightfranceriviera.com\/fr"]}]},{"@type":"ImageObject","inLanguage":"fr-FR","@id":"https:\/\/rightfranceriviera.com\/fr#primaryimage","url":"https:\/\/rightfranceriviera.com\/wp-content\/uploads\/Luxury-villa-for-sale-Beaulieu-sur-Mer.jpg","contentUrl":"https:\/\/rightfranceriviera.com\/wp-content\/uploads\/Luxury-villa-for-sale-Beaulieu-sur-Mer.jpg","width":1500,"height":1001},{"@type":"BreadcrumbList","@id":"https:\/\/rightfranceriviera.com\/fr#breadcrumb","itemListElement":[{"@type":"ListItem","position":1,"name":"Home","item":"https:\/\/rightfranceriviera.com\/fr"},{"@type":"ListItem","position":2,"name":"Accueil"}]},{"@type":"WebSite","@id":"https:\/\/rightfranceriviera.com\/fr#website","url":"https:\/\/rightfranceriviera.com\/fr","name":"Right France Riviera","description":"R\u00eave de la C\u00f4te d'Azur","potentialAction":[{"@type":"SearchAction","target":{"@type":"EntryPoint","urlTemplate":"https:\/\/rightfranceriviera.com\/fr?s={search_term_string}"},"query-input":{"@type":"PropertyValueSpecification","valueRequired":true,"valueName":"search_term_string"}}],"inLanguage":"fr-FR"}]}},"_links":{"self":[{"href":"https:\/\/rightfranceriviera.com\/fr\/wp-json\/wp\/v2\/pages\/3700","targetHints":{"allow":["GET"]}}],"collection":[{"href":"https:\/\/rightfranceriviera.com\/fr\/wp-json\/wp\/v2\/pages"}],"about":[{"href":"https:\/\/rightfranceriviera.com\/fr\/wp-json\/wp\/v2\/types\/page"}],"author":[{"embeddable":true,"href":"https:\/\/rightfranceriviera.com\/fr\/wp-json\/wp\/v2\/users\/1"}],"replies":[{"embeddable":true,"href":"https:\/\/rightfranceriviera.com\/fr\/wp-json\/wp\/v2\/comments?post=3700"}],"version-history":[{"count":1,"href":"https:\/\/rightfranceriviera.com\/fr\/wp-json\/wp\/v2\/pages\/3700\/revisions"}],"predecessor-version":[{"id":4923,"href":"https:\/\/rightfranceriviera.com\/fr\/wp-json\/wp\/v2\/pages\/3700\/revisions\/4923"}],"wp:featuredmedia":[{"embeddable":true,"href":"https:\/\/rightfranceriviera.com\/fr\/wp-json\/wp\/v2\/media\/4483"}],"wp:attachment":[{"href":"https:\/\/rightfranceriviera.com\/fr\/wp-json\/wp\/v2\/media?parent=3700"}],"curies":[{"name":"wp","href":"https:\/\/api.w.org\/{rel}","templated":true}]}}