{"id":3697,"date":"2020-12-01T15:04:07","date_gmt":"2020-12-01T15:04:07","guid":{"rendered":"http:\/\/rightfranceriviera.com\/recherche-de-proprietes-vip-cote-dazur"},"modified":"2024-02-20T16:03:39","modified_gmt":"2024-02-20T16:03:39","slug":"chasseur-immobilier-cote-dazur","status":"publish","type":"page","link":"https:\/\/rightfranceriviera.com\/fr\/chasseur-immobilier-cote-dazur","title":{"rendered":"Recherche de propri\u00e9t\u00e9s VIP sur la C\u00f4te d&#8217;Azur"},"content":{"rendered":"\t\t<div data-elementor-type=\"wp-page\" data-elementor-id=\"3697\" class=\"elementor elementor-3697 elementor-3386\" data-elementor-post-type=\"page\">\n\t\t\t\t\t\t<section class=\"elementor-section elementor-top-section elementor-element elementor-element-f843d81 elementor-section-boxed elementor-section-height-default elementor-section-height-default\" data-id=\"f843d81\" data-element_type=\"section\">\n\t\t\t\t\t\t<div class=\"elementor-container elementor-column-gap-default\">\n\t\t\t\t\t<div class=\"elementor-column elementor-col-100 elementor-top-column elementor-element elementor-element-636823f\" data-id=\"636823f\" data-element_type=\"column\">\n\t\t\t<div class=\"elementor-widget-wrap elementor-element-populated\">\n\t\t\t\t\t\t<div class=\"elementor-element elementor-element-81c2cc3 elementor-widget elementor-widget-slider_revolution\" data-id=\"81c2cc3\" data-element_type=\"widget\" data-widget_type=\"slider_revolution.default\">\n\t\t\t\t<div class=\"elementor-widget-container\">\n\t\t\t\r\n\t\t<div class=\"wp-block-themepunch-revslider\">\n\t\t\t<!-- START Property search REVOLUTION SLIDER 6.6.15 --><p class=\"rs-p-wp-fix\"><\/p>\n\t\t\t<rs-module-wrap id=\"rev_slider_20_1_wrapper\" data-source=\"gallery\" style=\"visibility:hidden;background:transparent;padding:0;margin:0px auto;margin-top:0;margin-bottom:0;\">\n\t\t\t\t<rs-module id=\"rev_slider_20_1\" style=\"\" data-version=\"6.6.15\">\n\t\t\t\t\t<rs-slides style=\"overflow: hidden; position: absolute;\">\n\t\t\t\t\t\t<rs-slide style=\"position: absolute;\" data-key=\"rs-55\" data-title=\"Intro - FR\" data-anim=\"ms:2000;r:0;\" data-in=\"o:-0.5;sx:1.6;sy:1.6;e:power0.inOut;\" data-out=\"o:0;sx:0.6;sy:0.6;e:power4.inOut;\">\n\t\t\t\t\t\t\t<img fetchpriority=\"high\" decoding=\"async\" src=\"\/\/rightfranceriviera.com\/wp-content\/plugins\/revslider\/public\/assets\/assets\/dummy.png\" alt=\"French Riviera Property Search Hunters\" title=\"French-Riviera-Property-Search-Hunters\" width=\"1500\" height=\"1001\" class=\"rev-slidebg tp-rs-img rs-lazyload\" data-lazyload=\"\/\/rightfranceriviera.com\/wp-content\/uploads\/French-Riviera-Property-Search-Hunters.jpg\" data-parallax=\"10\" data-no-retina>\n<!--\n\t\t\t\t\t\t\t--><rs-layer\n\t\t\t\t\t\t\t\tid=\"slider-20-slide-55-layer-1\" \n\t\t\t\t\t\t\t\tclass=\"NotGeneric-Title\"\n\t\t\t\t\t\t\t\tdata-type=\"text\"\n\t\t\t\t\t\t\t\tdata-color=\"rgba(255,255,255,1)\"\n\t\t\t\t\t\t\t\tdata-rsp_ch=\"on\"\n\t\t\t\t\t\t\t\tdata-xy=\"x:c;xo:0,0,0,41px;y:m;yo:0,0,-22px,3px;\"\n\t\t\t\t\t\t\t\tdata-text=\"s:32,70,70,22;l:70,70,70,36;fw:800;\"\n\t\t\t\t\t\t\t\tdata-dim=\"w:auto,auto,auto,496px;h:auto,auto,auto,88px;\"\n\t\t\t\t\t\t\t\tdata-padding=\"t:10,10,10,7;b:10,10,10,7;\"\n\t\t\t\t\t\t\t\tdata-frame_0=\"sX:1.5;sY:1.5;\"\n\t\t\t\t\t\t\t\tdata-frame_0_mask=\"u:t;\"\n\t\t\t\t\t\t\t\tdata-frame_1=\"x:0,0,0,0px;y:0,0,0,0px;st:1000;sp:1500;\"\n\t\t\t\t\t\t\t\tdata-frame_1_mask=\"u:t;x:0,0,0,0px;y:0,0,0,0px;\"\n\t\t\t\t\t\t\t\tdata-frame_999=\"y:100%;e:power2.inOut;st:w;sp:1000;\"\n\t\t\t\t\t\t\t\tdata-frame_999_mask=\"u:t;\"\n\t\t\t\t\t\t\t\tstyle=\"z-index:7;font-family:'Raleway';\"\n\t\t\t\t\t\t\t>Recherche de propri\u00e9t\u00e9 VIP \n\t\t\t\t\t\t\t<\/rs-layer><!--\n\n\t\t\t\t\t\t\t--><rs-layer\n\t\t\t\t\t\t\t\tid=\"slider-20-slide-55-layer-4\" \n\t\t\t\t\t\t\t\tclass=\"NotGeneric-SubTitle\"\n\t\t\t\t\t\t\t\tdata-type=\"text\"\n\t\t\t\t\t\t\t\tdata-color=\"rgba(255,255,255,1)\"\n\t\t\t\t\t\t\t\tdata-rsp_ch=\"on\"\n\t\t\t\t\t\t\t\tdata-xy=\"x:c;xo:-5px,0,0,-4px;y:m;yo:53px,52px,28px,21px;\"\n\t\t\t\t\t\t\t\tdata-text=\"s:11,13,13,10;l:20,20,20,15;ls:4px,4px,4px,3px;fw:500;a:center;\"\n\t\t\t\t\t\t\t\tdata-dim=\"w:auto,auto,auto,378px;\"\n\t\t\t\t\t\t\t\tdata-frame_0=\"y:100%;\"\n\t\t\t\t\t\t\t\tdata-frame_0_mask=\"u:t;y:100%;\"\n\t\t\t\t\t\t\t\tdata-frame_1=\"x:0,0,0,0px;y:0,0,0,0px;e:power4.inOut;st:1000;sp:1500;\"\n\t\t\t\t\t\t\t\tdata-frame_1_mask=\"u:t;x:0,0,0,0px;y:0,0,0,0px;\"\n\t\t\t\t\t\t\t\tdata-frame_999=\"y:100%;e:power2.inOut;st:w;sp:1000;\"\n\t\t\t\t\t\t\t\tdata-frame_999_mask=\"u:t;\"\n\t\t\t\t\t\t\t\tstyle=\"z-index:8;font-family:'Raleway';\"\n\t\t\t\t\t\t\t>Nous vous trouverons la propri\u00e9t\u00e9 <br>parfaite dont vous avez toujours r\u00eav\u00e9 \n\t\t\t\t\t\t\t<\/rs-layer><!--\n\n\t\t\t\t\t\t\t--><rs-layer\n\t\t\t\t\t\t\t\tid=\"slider-20-slide-55-layer-10\" \n\t\t\t\t\t\t\t\tclass=\"tp-shape tp-shapewrapper\"\n\t\t\t\t\t\t\t\tdata-type=\"shape\"\n\t\t\t\t\t\t\t\tdata-xy=\"x:c;y:m;\"\n\t\t\t\t\t\t\t\tdata-text=\"fw:800;\"\n\t\t\t\t\t\t\t\tdata-dim=\"w:100%;h:100%;\"\n\t\t\t\t\t\t\t\tdata-basealign=\"slide\"\n\t\t\t\t\t\t\t\tdata-rsp_bd=\"off\"\n\t\t\t\t\t\t\t\tdata-frame_1=\"st:750;sp:1500;\"\n\t\t\t\t\t\t\t\tdata-frame_999=\"e:nothing;st:w;\"\n\t\t\t\t\t\t\t\tstyle=\"z-index:5;background-color:rgba(0,0,0,0.40);\"\n\t\t\t\t\t\t\t> \n\t\t\t\t\t\t\t<\/rs-layer><!--\n-->\t\t\t\t\t\t<\/rs-slide>\n\t\t\t\t\t<\/rs-slides>\n\t\t\t\t<\/rs-module>\n\t\t\t\t<script>\n\t\t\t\t\tsetREVStartSize({c: 'rev_slider_20_1',rl:[1240,1024,768,480],el:[468,500,400,300],gw:[1240,1024,778,480],gh:[468,500,400,300],type:'hero',justify:'',layout:'fullwidth',mh:\"0\"});if (window.RS_MODULES!==undefined && window.RS_MODULES.modules!==undefined && window.RS_MODULES.modules[\"revslider201\"]!==undefined) {window.RS_MODULES.modules[\"revslider201\"].once = false;window.revapi20 = undefined;if (window.RS_MODULES.checkMinimal!==undefined) window.RS_MODULES.checkMinimal()}\n\t\t\t\t<\/script>\n\t\t\t<\/rs-module-wrap>\n\t\t\t<!-- END REVOLUTION SLIDER -->\n<\/div>\r\n\r\n\t\t\t\t<\/div>\n\t\t\t\t<\/div>\n\t\t\t\t\t<\/div>\n\t\t<\/div>\n\t\t\t\t\t<\/div>\n\t\t<\/section>\n\t\t\t\t<section class=\"elementor-section elementor-top-section elementor-element elementor-element-90c0920 elementor-section-boxed elementor-section-height-default elementor-section-height-default\" data-id=\"90c0920\" data-element_type=\"section\">\n\t\t\t\t\t\t<div class=\"elementor-container elementor-column-gap-default\">\n\t\t\t\t\t<div class=\"elementor-column elementor-col-100 elementor-top-column elementor-element elementor-element-9fbf2a0\" data-id=\"9fbf2a0\" data-element_type=\"column\">\n\t\t\t<div class=\"elementor-widget-wrap elementor-element-populated\">\n\t\t\t\t\t\t<div class=\"elementor-element elementor-element-7de038e elementor-widget elementor-widget-text-editor\" data-id=\"7de038e\" data-element_type=\"widget\" data-widget_type=\"text-editor.default\">\n\t\t\t\t<div class=\"elementor-widget-container\">\n\t\t\t\t\t\t\t<h4>VIP Property Search &#8211; nous vous aiderons \u00e0 trouver la maison de vos r\u00eaves<\/h4><p>Trouvez votre propri\u00e9t\u00e9 sur la C\u00f4te d&#8217;Azur avec Right France Riviera, et la plus grande agence immobili\u00e8re internationale en France. Notre \u00e9quipe a un acc\u00e8s unique \u00e0 un impressionnant r\u00e9seau d&#8217;agents dans la r\u00e9gion, et gr\u00e2ce \u00e0 nos partenariats avec d&#8217;autres agences immobili\u00e8res locales, nous avons acc\u00e8s \u00e0 un portefeuille in\u00e9gal\u00e9 de propri\u00e9t\u00e9s pour r\u00e9pondre \u00e0 toutes les exigences des clients &#8211; y compris des propri\u00e9t\u00e9s hors march\u00e9 qui ne sont pas facilement trouv\u00e9es par des recherches sur le Web.<\/p><p>Nous offrons un service international de recherche de propri\u00e9t\u00e9s pour les clients bas\u00e9s \u00e0 l&#8217;\u00e9tranger ou en dehors de la r\u00e9gion. Pourquoi perdre un temps pr\u00e9cieux \u00e0 faire la navette entre diff\u00e9rents agents immobiliers ou \u00e0 visiter des propri\u00e9t\u00e9s inadapt\u00e9es, alors que votre agent de recherche de propri\u00e9t\u00e9s VIP personnel peut faire le travail d\u00e9taill\u00e9 pour vous ? Nous recherchons au sein de notre propre r\u00e9seau d&#8217;agents et au-del\u00e0 &#8211; potentiellement dans toutes les agences de la r\u00e9gion &#8211; pour trouver les propri\u00e9t\u00e9s qui correspondent \u00e0 vos besoins sp\u00e9cifiques. Notre \u00e9quipe immobili\u00e8re organisera ensuite une journ\u00e9e de visite sur mesure pour vous, afin de voir uniquement les propri\u00e9t\u00e9s qui correspondent \u00e0 votre profil. Nous pouvons vous envoyer des informations d\u00e9taill\u00e9es, telles que notre rapport ind\u00e9pendant et des visites virtuelles et vid\u00e9os \u00e0 360 degr\u00e9s, pour vous aider \u00e0 affiner vos choix et \u00e0 gagner un temps pr\u00e9cieux dans la journ\u00e9e. Nous vous conseillerons sur les changements d&#8217;am\u00e9nagement, les \u00e9volutions et les questions locales susceptibles d&#8217;affecter vos d\u00e9cisions &#8211; le type d&#8217;informations qui ne sont pas toujours disponibles aupr\u00e8s des agences locales. En tant que votre agent immobilier, nous travaillons dans votre int\u00e9r\u00eat. Faites confiance \u00e0 l&#8217;\u00e9quipe de Right France Riviera pour vous aider.<\/p><p>Sur demande, nous pouvons organiser des transferts priv\u00e9s pour vous, et assurer la liaison avec le chauffeur pour vous conduire \u00e0 toutes les propri\u00e9t\u00e9s pr\u00e9s\u00e9lectionn\u00e9es au cours d&#8217;une journ\u00e9e de visites. Visitez votre s\u00e9lection de propri\u00e9t\u00e9s en limousine &#8211; nous avons un grand choix de Mercedes Vito 8 places \u00e0 Rolls Royce Phantoms &#8211; ou m\u00eame en supercar ou une automobile classique. Faites une pause pour le d\u00e9jeuner dans l&#8217;un de nos restaurants recommand\u00e9s, qu&#8217;il s&#8217;agisse d&#8217;un restaurant \u00e9toil\u00e9 \u00e0 Monaco ou d&#8217;un bar sur la plage \u00e0 Villefranche-sur-Mer &#8211; nous pouvons prendre toutes les dispositions n\u00e9cessaires. Nous pouvons \u00e9galement vous organiser une rencontre avec des architectes et des urbanistes, des fonctionnaires de la ville ou des experts juridiques, qui s&#8217;adaptent tous \u00e0 votre emploi du temps.<\/p><p>Votre agent de recherche de biens personnels est \u00e0 votre disposition et travaille avec l&#8217;\u00e9quipe pour que la transaction se d\u00e9roule sans heurts et sans heurts, une fois que le bon bien a \u00e9t\u00e9 trouv\u00e9. L&#8217;\u00e9quipe \u00e9tant l\u00e0 pour veiller \u00e0 ce que les documents soient v\u00e9rifi\u00e9s et approuv\u00e9s au nom de l&#8217;acheteur, nous vous aiderons \u00e0 trouver l&#8217;\u00e9quipe locale qui vous assistera \u00e0 chaque \u00e9tape du processus, en veillant \u00e0 vos int\u00e9r\u00eats, de l&#8217;offre \u00e0 l&#8217;achat proprement dit et au-del\u00e0. Des avocats aux notaires, des architectes aux artisans, des architectes d&#8217;int\u00e9rieur aux cuisinistes, notre r\u00e9seau de professionnels et d&#8217;artisans de confiance est tout ce dont vous aurez besoin pour profiter pleinement de la vie sur la C\u00f4te d&#8217;Azur.<\/p>\t\t\t\t\t\t<\/div>\n\t\t\t\t<\/div>\n\t\t\t\t\t<\/div>\n\t\t<\/div>\n\t\t\t\t\t<\/div>\n\t\t<\/section>\n\t\t\t\t<section class=\"elementor-section elementor-top-section elementor-element elementor-element-f9f99ad elementor-section-boxed elementor-section-height-default elementor-section-height-default\" data-id=\"f9f99ad\" data-element_type=\"section\">\n\t\t\t\t\t\t<div class=\"elementor-container elementor-column-gap-default\">\n\t\t\t\t\t<div class=\"elementor-column elementor-col-100 elementor-top-column elementor-element elementor-element-81ee0db\" data-id=\"81ee0db\" data-element_type=\"column\">\n\t\t\t<div class=\"elementor-widget-wrap elementor-element-populated\">\n\t\t\t\t\t\t<div class=\"elementor-element elementor-element-19d7be0 elementor-cta--skin-classic elementor-animated-content elementor-bg-transform elementor-bg-transform-zoom-in elementor-widget elementor-widget-call-to-action\" data-id=\"19d7be0\" data-element_type=\"widget\" data-widget_type=\"call-to-action.default\">\n\t\t\t\t<div class=\"elementor-widget-container\">\n\t\t\t\t\t<div class=\"elementor-cta\">\n\t\t\t\t\t\t\t<div class=\"elementor-cta__content\">\n\t\t\t\t\n\t\t\t\t\t\t\t\t\t<h2 class=\"elementor-cta__title elementor-cta__content-item elementor-content-item\">\n\t\t\t\t\t\tQu'est-ce qu'un 'mandat de recherche'?\t\t\t\t\t<\/h2>\n\t\t\t\t\n\t\t\t\t\t\t\t\t\t<div class=\"elementor-cta__description elementor-cta__content-item elementor-content-item\">\n\t\t\t\t\t\t<p>Un mandat de recherche est un mandat de recherche, qui peut \u00eatre exclusif ou non, et nous donne le droit, en tant qu'agent, de vous trouver le bien immobilier id\u00e9al sur la C\u00f4te d'Azur. La signature de ce document ne vous oblige pas \u00e0 acheter, mais si vous choisissez d'acheter l'un des biens que nous vous pr\u00e9sentons, nous percevrons une part de la commission d'agence, m\u00eame si le bien ne fait pas partie de notre propre portefeuille. Il n'y a pas de frais cach\u00e9s pour vous car la commission d'agence est d\u00e9j\u00e0 incluse dans le prix que vous voyez. Un mandat de recherche nous permet d'approcher d'autres agences locales - ou m\u00eame des vendeurs priv\u00e9s - et de leur dire que nous avons un client pour leur propri\u00e9t\u00e9, et nous nous chargeons de la liaison avec eux en votre nom et de la coordination de toutes les visites. Cela signifie qu'au lieu de devoir contacter plusieurs agences diff\u00e9rentes sur le terrain et d'essayer de r\u00e9server une journ\u00e9e de visites pour toutes les propri\u00e9t\u00e9s qui vous int\u00e9ressent, vous pouvez au contraire confier \u00e0 une seule personne sur le terrain tout le travail \u00e0 votre place - de la coordination des visites aux n\u00e9gociations de prix proprement dites, en passant par l'organisation des enqu\u00eates ou des architectes, et en \u00e9tant votre point de contact tout au long du processus d'achat.<\/p>\n\t\t\t\t\t<\/div>\n\t\t\t\t\n\t\t\t\t\t\t\t<\/div>\n\t\t\t\t\t\t<\/div>\n\t\t\t\t<\/div>\n\t\t\t\t<\/div>\n\t\t\t\t\t<\/div>\n\t\t<\/div>\n\t\t\t\t\t<\/div>\n\t\t<\/section>\n\t\t\t\t<section class=\"elementor-section elementor-top-section elementor-element elementor-element-06b8667 elementor-section-boxed elementor-section-height-default elementor-section-height-default\" data-id=\"06b8667\" data-element_type=\"section\">\n\t\t\t\t\t\t<div class=\"elementor-container elementor-column-gap-default\">\n\t\t\t\t\t<div class=\"elementor-column elementor-col-100 elementor-top-column elementor-element elementor-element-8ae0b27\" data-id=\"8ae0b27\" data-element_type=\"column\">\n\t\t\t<div class=\"elementor-widget-wrap elementor-element-populated\">\n\t\t\t\t\t\t<div class=\"elementor-element elementor-element-b10c7a7 elementor-widget elementor-widget-shortcode\" data-id=\"b10c7a7\" data-element_type=\"widget\" data-widget_type=\"shortcode.default\">\n\t\t\t\t<div class=\"elementor-widget-container\">\n\t\t\t\t\t<div class=\"elementor-shortcode\">\n<div class=\"wpcf7 no-js\" id=\"wpcf7-f4531-o1\" lang=\"en-US\" dir=\"ltr\" data-wpcf7-id=\"4531\">\n<div class=\"screen-reader-response\"><p role=\"status\" aria-live=\"polite\" aria-atomic=\"true\"><\/p> <ul><\/ul><\/div>\n<form action=\"\/fr\/wp-json\/wp\/v2\/pages\/3697#wpcf7-f4531-o1\" method=\"post\" class=\"wpcf7-form init\" aria-label=\"Contact form\" novalidate=\"novalidate\" data-status=\"init\">\n<div style=\"display: none;\">\n<input type=\"hidden\" name=\"_wpcf7\" value=\"4531\" \/>\n<input type=\"hidden\" name=\"_wpcf7_version\" value=\"6.0.6\" \/>\n<input type=\"hidden\" name=\"_wpcf7_locale\" value=\"en_US\" \/>\n<input type=\"hidden\" name=\"_wpcf7_unit_tag\" value=\"wpcf7-f4531-o1\" \/>\n<input type=\"hidden\" name=\"_wpcf7_container_post\" value=\"0\" \/>\n<input type=\"hidden\" name=\"_wpcf7_posted_data_hash\" value=\"\" \/>\n<input type=\"hidden\" name=\"_wpcf7_recaptcha_response\" value=\"\" \/>\n<\/div>\n<p><label> Your name<br \/>\n<span class=\"wpcf7-form-control-wrap\" data-name=\"your-name\"><input size=\"40\" maxlength=\"400\" class=\"wpcf7-form-control wpcf7-text wpcf7-validates-as-required\" aria-required=\"true\" aria-invalid=\"false\" value=\"\" type=\"text\" name=\"your-name\" \/><\/span> <\/label>\n<\/p>\n<p><label> Your email<br \/>\n<span class=\"wpcf7-form-control-wrap\" data-name=\"your-email\"><input size=\"40\" maxlength=\"400\" class=\"wpcf7-form-control wpcf7-email wpcf7-validates-as-required wpcf7-text wpcf7-validates-as-email\" aria-required=\"true\" aria-invalid=\"false\" value=\"\" type=\"email\" name=\"your-email\" \/><\/span> <\/label>\n<\/p>\n<p>How did you find us<br \/>\n<span class=\"wpcf7-form-control-wrap\" data-name=\"menu-387\"><select class=\"wpcf7-form-control wpcf7-select wpcf7-validates-as-required\" aria-required=\"true\" aria-invalid=\"false\" name=\"menu-387\"><option value=\"Google search\">Google search<\/option><option value=\"Instagram\">Instagram<\/option><option value=\"Facebook\">Facebook<\/option><option value=\"Twitter\">Twitter<\/option><option value=\"Youtube\">Youtube<\/option><option value=\"Magazine\">Magazine<\/option><\/select><\/span>\n<\/p>\n<p><label> Subject<br \/>\n<span class=\"wpcf7-form-control-wrap\" data-name=\"your-subject\"><input size=\"40\" maxlength=\"400\" class=\"wpcf7-form-control wpcf7-text wpcf7-validates-as-required\" aria-required=\"true\" aria-invalid=\"false\" value=\"\" type=\"text\" name=\"your-subject\" \/><\/span> <\/label>\n<\/p>\n<p><label> Your message<br \/>\n<span class=\"wpcf7-form-control-wrap\" data-name=\"your-message\"><textarea cols=\"40\" rows=\"10\" maxlength=\"2000\" class=\"wpcf7-form-control wpcf7-textarea wpcf7-validates-as-required\" aria-required=\"true\" aria-invalid=\"false\" name=\"your-message\"><\/textarea><\/span> <\/label>\n<\/p>\n<p>[anr_nocaptcha g-recaptcha-response]\n<\/p>\n<p><input class=\"wpcf7-form-control wpcf7-submit has-spinner\" type=\"submit\" value=\"Submit\" \/>\n<\/p><div class=\"wpcf7-response-output\" aria-hidden=\"true\"><\/div>\n<\/form>\n<\/div>\n<\/div>\n\t\t\t\t<\/div>\n\t\t\t\t<\/div>\n\t\t\t\t\t<\/div>\n\t\t<\/div>\n\t\t\t\t\t<\/div>\n\t\t<\/section>\n\t\t\t\t<\/div>\n\t\t","protected":false},"excerpt":{"rendered":"<p>VIP Property Search &#8211; nous vous aiderons \u00e0 trouver la maison de vos r\u00eaves Trouvez votre propri\u00e9t\u00e9 sur la C\u00f4te d&#8217;Azur avec Right France Riviera, et la plus grande agence immobili\u00e8re internationale en France. Notre \u00e9quipe a un acc\u00e8s unique \u00e0 un impressionnant r\u00e9seau d&#8217;agents dans la r\u00e9gion, et gr\u00e2ce \u00e0 nos partenariats avec d&#8217;autres [&hellip;]<\/p>\n","protected":false},"author":1,"featured_media":0,"parent":0,"menu_order":0,"comment_status":"closed","ping_status":"closed","template":"elementor_header_footer","meta":{"footnotes":""},"class_list":["post-3697","page","type-page","status-publish","hentry"],"yoast_head":"<!-- This site is optimized with the Yoast SEO plugin v25.0 - https:\/\/yoast.com\/wordpress\/plugins\/seo\/ -->\n<title>Recherche de propri\u00e9t\u00e9s VIP sur la C\u00f4te d&#039;Azur - Right France Riviera<\/title>\n<meta name=\"robots\" content=\"index, follow, max-snippet:-1, max-image-preview:large, max-video-preview:-1\" \/>\n<link rel=\"canonical\" href=\"https:\/\/rightfranceriviera.com\/fr\/chasseur-immobilier-cote-dazur\" \/>\n<meta property=\"og:locale\" content=\"fr_FR\" \/>\n<meta property=\"og:type\" content=\"article\" \/>\n<meta property=\"og:title\" content=\"Recherche de propri\u00e9t\u00e9s VIP sur la C\u00f4te d&#039;Azur - Right France Riviera\" \/>\n<meta property=\"og:description\" content=\"VIP Property Search &#8211; nous vous aiderons \u00e0 trouver la maison de vos r\u00eaves Trouvez votre propri\u00e9t\u00e9 sur la C\u00f4te d&#8217;Azur avec Right France Riviera, et la plus grande agence immobili\u00e8re internationale en France. Notre \u00e9quipe a un acc\u00e8s unique \u00e0 un impressionnant r\u00e9seau d&#8217;agents dans la r\u00e9gion, et gr\u00e2ce \u00e0 nos partenariats avec d&#8217;autres [&hellip;]\" \/>\n<meta property=\"og:url\" content=\"https:\/\/rightfranceriviera.com\/fr\/chasseur-immobilier-cote-dazur\" \/>\n<meta property=\"og:site_name\" content=\"Right France Riviera\" \/>\n<meta property=\"article:modified_time\" content=\"2024-02-20T16:03:39+00:00\" \/>\n<meta name=\"twitter:card\" content=\"summary_large_image\" \/>\n<meta name=\"twitter:label1\" content=\"Dur\u00e9e de lecture estim\u00e9e\" \/>\n\t<meta name=\"twitter:data1\" content=\"4 minutes\" \/>\n<script type=\"application\/ld+json\" class=\"yoast-schema-graph\">{\"@context\":\"https:\/\/schema.org\",\"@graph\":[{\"@type\":\"WebPage\",\"@id\":\"https:\/\/rightfranceriviera.com\/fr\/chasseur-immobilier-cote-dazur\",\"url\":\"https:\/\/rightfranceriviera.com\/fr\/chasseur-immobilier-cote-dazur\",\"name\":\"Recherche de propri\u00e9t\u00e9s VIP sur la C\u00f4te d'Azur - Right France Riviera\",\"isPartOf\":{\"@id\":\"https:\/\/rightfranceriviera.com\/fr#website\"},\"datePublished\":\"2020-12-01T15:04:07+00:00\",\"dateModified\":\"2024-02-20T16:03:39+00:00\",\"breadcrumb\":{\"@id\":\"https:\/\/rightfranceriviera.com\/fr\/chasseur-immobilier-cote-dazur#breadcrumb\"},\"inLanguage\":\"fr-FR\",\"potentialAction\":[{\"@type\":\"ReadAction\",\"target\":[\"https:\/\/rightfranceriviera.com\/fr\/chasseur-immobilier-cote-dazur\"]}]},{\"@type\":\"BreadcrumbList\",\"@id\":\"https:\/\/rightfranceriviera.com\/fr\/chasseur-immobilier-cote-dazur#breadcrumb\",\"itemListElement\":[{\"@type\":\"ListItem\",\"position\":1,\"name\":\"Home\",\"item\":\"https:\/\/rightfranceriviera.com\/fr\"},{\"@type\":\"ListItem\",\"position\":2,\"name\":\"Recherche de propri\u00e9t\u00e9s VIP sur la C\u00f4te d&#8217;Azur\"}]},{\"@type\":\"WebSite\",\"@id\":\"https:\/\/rightfranceriviera.com\/fr#website\",\"url\":\"https:\/\/rightfranceriviera.com\/fr\",\"name\":\"Right France Riviera\",\"description\":\"R\u00eave de la C\u00f4te d'Azur\",\"potentialAction\":[{\"@type\":\"SearchAction\",\"target\":{\"@type\":\"EntryPoint\",\"urlTemplate\":\"https:\/\/rightfranceriviera.com\/fr?s={search_term_string}\"},\"query-input\":{\"@type\":\"PropertyValueSpecification\",\"valueRequired\":true,\"valueName\":\"search_term_string\"}}],\"inLanguage\":\"fr-FR\"}]}<\/script>\n<!-- \/ Yoast SEO plugin. -->","yoast_head_json":{"title":"Recherche de propri\u00e9t\u00e9s VIP sur la C\u00f4te d'Azur - Right France Riviera","robots":{"index":"index","follow":"follow","max-snippet":"max-snippet:-1","max-image-preview":"max-image-preview:large","max-video-preview":"max-video-preview:-1"},"canonical":"https:\/\/rightfranceriviera.com\/fr\/chasseur-immobilier-cote-dazur","og_locale":"fr_FR","og_type":"article","og_title":"Recherche de propri\u00e9t\u00e9s VIP sur la C\u00f4te d'Azur - Right France Riviera","og_description":"VIP Property Search &#8211; nous vous aiderons \u00e0 trouver la maison de vos r\u00eaves Trouvez votre propri\u00e9t\u00e9 sur la C\u00f4te d&#8217;Azur avec Right France Riviera, et la plus grande agence immobili\u00e8re internationale en France. Notre \u00e9quipe a un acc\u00e8s unique \u00e0 un impressionnant r\u00e9seau d&#8217;agents dans la r\u00e9gion, et gr\u00e2ce \u00e0 nos partenariats avec d&#8217;autres [&hellip;]","og_url":"https:\/\/rightfranceriviera.com\/fr\/chasseur-immobilier-cote-dazur","og_site_name":"Right France Riviera","article_modified_time":"2024-02-20T16:03:39+00:00","twitter_card":"summary_large_image","twitter_misc":{"Dur\u00e9e de lecture estim\u00e9e":"4 minutes"},"schema":{"@context":"https:\/\/schema.org","@graph":[{"@type":"WebPage","@id":"https:\/\/rightfranceriviera.com\/fr\/chasseur-immobilier-cote-dazur","url":"https:\/\/rightfranceriviera.com\/fr\/chasseur-immobilier-cote-dazur","name":"Recherche de propri\u00e9t\u00e9s VIP sur la C\u00f4te d'Azur - Right France Riviera","isPartOf":{"@id":"https:\/\/rightfranceriviera.com\/fr#website"},"datePublished":"2020-12-01T15:04:07+00:00","dateModified":"2024-02-20T16:03:39+00:00","breadcrumb":{"@id":"https:\/\/rightfranceriviera.com\/fr\/chasseur-immobilier-cote-dazur#breadcrumb"},"inLanguage":"fr-FR","potentialAction":[{"@type":"ReadAction","target":["https:\/\/rightfranceriviera.com\/fr\/chasseur-immobilier-cote-dazur"]}]},{"@type":"BreadcrumbList","@id":"https:\/\/rightfranceriviera.com\/fr\/chasseur-immobilier-cote-dazur#breadcrumb","itemListElement":[{"@type":"ListItem","position":1,"name":"Home","item":"https:\/\/rightfranceriviera.com\/fr"},{"@type":"ListItem","position":2,"name":"Recherche de propri\u00e9t\u00e9s VIP sur la C\u00f4te d&#8217;Azur"}]},{"@type":"WebSite","@id":"https:\/\/rightfranceriviera.com\/fr#website","url":"https:\/\/rightfranceriviera.com\/fr","name":"Right France Riviera","description":"R\u00eave de la C\u00f4te d'Azur","potentialAction":[{"@type":"SearchAction","target":{"@type":"EntryPoint","urlTemplate":"https:\/\/rightfranceriviera.com\/fr?s={search_term_string}"},"query-input":{"@type":"PropertyValueSpecification","valueRequired":true,"valueName":"search_term_string"}}],"inLanguage":"fr-FR"}]}},"_links":{"self":[{"href":"https:\/\/rightfranceriviera.com\/fr\/wp-json\/wp\/v2\/pages\/3697","targetHints":{"allow":["GET"]}}],"collection":[{"href":"https:\/\/rightfranceriviera.com\/fr\/wp-json\/wp\/v2\/pages"}],"about":[{"href":"https:\/\/rightfranceriviera.com\/fr\/wp-json\/wp\/v2\/types\/page"}],"author":[{"embeddable":true,"href":"https:\/\/rightfranceriviera.com\/fr\/wp-json\/wp\/v2\/users\/1"}],"replies":[{"embeddable":true,"href":"https:\/\/rightfranceriviera.com\/fr\/wp-json\/wp\/v2\/comments?post=3697"}],"version-history":[{"count":17,"href":"https:\/\/rightfranceriviera.com\/fr\/wp-json\/wp\/v2\/pages\/3697\/revisions"}],"predecessor-version":[{"id":5738,"href":"https:\/\/rightfranceriviera.com\/fr\/wp-json\/wp\/v2\/pages\/3697\/revisions\/5738"}],"wp:attachment":[{"href":"https:\/\/rightfranceriviera.com\/fr\/wp-json\/wp\/v2\/media?parent=3697"}],"curies":[{"name":"wp","href":"https:\/\/api.w.org\/{rel}","templated":true}]}}