{"id":3694,"date":"2020-12-01T15:00:12","date_gmt":"2020-12-01T15:00:12","guid":{"rendered":"http:\/\/rightfranceriviera.com\/blog"},"modified":"2020-12-01T15:48:57","modified_gmt":"2020-12-01T15:48:57","slug":"blog","status":"publish","type":"page","link":"https:\/\/rightfranceriviera.com\/fr\/blog","title":{"rendered":"Blog"},"content":{"rendered":"\t\t<div data-elementor-type=\"wp-page\" data-elementor-id=\"3694\" class=\"elementor elementor-3694 elementor-2606\" data-elementor-post-type=\"page\">\n\t\t\t\t\t\t<section class=\"elementor-section elementor-top-section elementor-element elementor-element-e65235c elementor-section-boxed elementor-section-height-default elementor-section-height-default\" data-id=\"e65235c\" data-element_type=\"section\">\n\t\t\t\t\t\t<div class=\"elementor-container elementor-column-gap-default\">\n\t\t\t\t\t<div class=\"elementor-column elementor-col-100 elementor-top-column elementor-element elementor-element-454b162\" data-id=\"454b162\" data-element_type=\"column\">\n\t\t\t<div class=\"elementor-widget-wrap elementor-element-populated\">\n\t\t\t\t\t\t<div class=\"elementor-element elementor-element-9122306 elementor-widget elementor-widget-slider_revolution\" data-id=\"9122306\" data-element_type=\"widget\" data-widget_type=\"slider_revolution.default\">\n\t\t\t\t<div class=\"elementor-widget-container\">\n\t\t\t\r\n\t\t<div class=\"wp-block-themepunch-revslider\">\n\t\t\t<!-- START Clean News Post Based1 REVOLUTION SLIDER 6.6.15 --><p class=\"rs-p-wp-fix\"><\/p>\n\t\t\t<rs-module-wrap id=\"rev_slider_6_1_wrapper\" data-source=\"post\" style=\"visibility:hidden;background:transparent;padding:0;margin:0px auto;margin-top:0;margin-bottom:0;\">\n\t\t\t\t<rs-module id=\"rev_slider_6_1\" style=\"\" data-version=\"6.6.15\">\n\t\t\t\t\t<rs-slides style=\"overflow: hidden; position: absolute;\">\n\t\t\t\t\t\t<rs-slide style=\"position: absolute;\" data-key=\"rs-3705\" data-title=\"10 fabuleux restaurants entre Nice et Monaco\" data-anim=\"r:0;p:transparent;\" data-in=\"o:0;\" data-out=\"o:0;\">\n\t\t\t\t\t\t\t<img fetchpriority=\"high\" decoding=\"async\" src=\"\/\/rightfranceriviera.com\/wp-content\/plugins\/revslider\/public\/assets\/assets\/dummy.png\" alt=\"Restaurant Cauvin Chez Nana\" title=\"Cauvin-Chez-Nana-Peille\" width=\"1500\" height=\"999\" class=\"rev-slidebg tp-rs-img rs-lazyload\" data-lazyload=\"\/\/rightfranceriviera.com\/wp-content\/uploads\/Cauvin-Chez-Nana-Peille.jpg\" data-parallax=\"5\" data-no-retina>\n<!--\n\t\t\t\t\t\t\t--><rs-layer\n\t\t\t\t\t\t\t\tid=\"slider-6-slide-3705-layer-1\" \n\t\t\t\t\t\t\t\tclass=\"tp-shape tp-shapewrapper\"\n\t\t\t\t\t\t\t\tdata-type=\"shape\"\n\t\t\t\t\t\t\t\tdata-rsp_ch=\"on\"\n\t\t\t\t\t\t\t\tdata-xy=\"x:r;xo:30px,30px,30px,20px;yo:30px,30px,30px,20px;\"\n\t\t\t\t\t\t\t\tdata-text=\"fw:100;\"\n\t\t\t\t\t\t\t\tdata-dim=\"w:430px,430px,350px,250px;h:540px,540px,540px,410px;\"\n\t\t\t\t\t\t\t\tdata-frame_0=\"sX:0.9;sY:0.9;\"\n\t\t\t\t\t\t\t\tdata-frame_1=\"e:power4.out;st:500;sp:1400;\"\n\t\t\t\t\t\t\t\tdata-frame_999=\"st:w;sp:1000;auto:true;\"\n\t\t\t\t\t\t\t\tstyle=\"z-index:5;background-color:rgba(255,255,255,0.9);\"\n\t\t\t\t\t\t\t> \n\t\t\t\t\t\t\t<\/rs-layer><!--\n\n\t\t\t\t\t\t\t--><rs-layer\n\t\t\t\t\t\t\t\tid=\"slider-6-slide-3705-layer-2\" \n\t\t\t\t\t\t\t\tclass=\"PostSlider-Title\"\n\t\t\t\t\t\t\t\tdata-type=\"text\"\n\t\t\t\t\t\t\t\tdata-color=\"rgba(0,0,0,1)\"\n\t\t\t\t\t\t\t\tdata-rsp_ch=\"on\"\n\t\t\t\t\t\t\t\tdata-xy=\"x:r;xo:60px,60px,60px,40px;yo:102px,102px,92px,68px;\"\n\t\t\t\t\t\t\t\tdata-text=\"w:normal;s:40,40,30,20;l:40,40,30,20;\"\n\t\t\t\t\t\t\t\tdata-dim=\"w:370px,370px,290px,210px;\"\n\t\t\t\t\t\t\t\tdata-frame_0=\"y:20px;\"\n\t\t\t\t\t\t\t\tdata-frame_1=\"e:power3.out;st:700;sp:500;\"\n\t\t\t\t\t\t\t\tdata-frame_999=\"st:w;sp:1000;auto:true;\"\n\t\t\t\t\t\t\t\tstyle=\"z-index:7;font-family:'Playfair Display';\"\n\t\t\t\t\t\t\t>10 fabuleux restaurants entre Nice et Monaco \n\t\t\t\t\t\t\t<\/rs-layer><!--\n\n\t\t\t\t\t\t\t--><rs-layer\n\t\t\t\t\t\t\t\tid=\"slider-6-slide-3705-layer-3\" \n\t\t\t\t\t\t\t\tclass=\"PostSlider-Category\"\n\t\t\t\t\t\t\t\tdata-type=\"text\"\n\t\t\t\t\t\t\t\tdata-color=\"rgba(0,0,0,1)\"\n\t\t\t\t\t\t\t\tdata-rsp_ch=\"on\"\n\t\t\t\t\t\t\t\tdata-xy=\"x:r;xo:60px,60px,60px,40px;yo:60px,60px,60px,40px;\"\n\t\t\t\t\t\t\t\tdata-text=\"s:15,15,13,13;l:15,15,13,13;ls:3px;fw:300;\"\n\t\t\t\t\t\t\t\tdata-dim=\"w:370px,370px,290px,210px;\"\n\t\t\t\t\t\t\t\tdata-frame_0=\"y:20px;\"\n\t\t\t\t\t\t\t\tdata-frame_1=\"e:power3.out;st:600;sp:500;\"\n\t\t\t\t\t\t\t\tdata-frame_999=\"st:w;sp:1000;auto:true;\"\n\t\t\t\t\t\t\t\tstyle=\"z-index:6;font-family:'Roboto';\"\n\t\t\t\t\t\t\t>Restaurants \n\t\t\t\t\t\t\t<\/rs-layer><!--\n\n\t\t\t\t\t\t\t--><rs-layer\n\t\t\t\t\t\t\t\tid=\"slider-6-slide-3705-layer-4\" \n\t\t\t\t\t\t\t\tclass=\"PostSlider-Content\"\n\t\t\t\t\t\t\t\tdata-type=\"text\"\n\t\t\t\t\t\t\t\tdata-color=\"rgba(119,119,119,1)\"\n\t\t\t\t\t\t\t\tdata-rsp_ch=\"on\"\n\t\t\t\t\t\t\t\tdata-xy=\"x:r;xo:60px,60px,60px,40px;yo:265px,265px,215px,154px;\"\n\t\t\t\t\t\t\t\tdata-text=\"w:normal;s:15,15,14,13;l:23,23,21,20;\"\n\t\t\t\t\t\t\t\tdata-dim=\"w:370px,370px,290px,210px;\"\n\t\t\t\t\t\t\t\tdata-frame_0=\"y:20px;\"\n\t\t\t\t\t\t\t\tdata-frame_1=\"e:power3.out;st:800;sp:500;\"\n\t\t\t\t\t\t\t\tdata-frame_999=\"st:w;sp:1000;auto:true;\"\n\t\t\t\t\t\t\t\tstyle=\"z-index:8;font-family:'Roboto';\"\n\t\t\t\t\t\t\t>Une bonne exp\u00e9rience culinaire ne doit pas n\u00e9cessairement se limiter \u00e0 des \u00e9toiles Michelin ou \u00e0 des lieux exotiques. Parfois, le restaurant id\u00e9al peut \u00eatre une petite entreprise familiale ou un simple menu compos\u00e9 de produits locaux. La C\u00f4te d'Azur \n\t\t\t\t\t\t\t<\/rs-layer><!--\n\n\t\t\t\t\t\t\t--><a\n\t\t\t\t\t\t\t\tid=\"slider-6-slide-3705-layer-5\" \n\t\t\t\t\t\t\t\tclass=\"rs-layer PostSlider-Button rev-btn\"\n\t\t\t\t\t\t\t\thref=\"https:\/\/rightfranceriviera.com\/fr\/10-fabuleux-restaurants-entre-nice-et-monaco\" target=\"_self\"\n\t\t\t\t\t\t\t\tdata-type=\"button\"\n\t\t\t\t\t\t\t\tdata-color=\"rgba(0,0,0,1)\"\n\t\t\t\t\t\t\t\tdata-rsp_ch=\"on\"\n\t\t\t\t\t\t\t\tdata-xy=\"xo:770px,593px,428px,230px;yo:496px,496px,496px,366px;\"\n\t\t\t\t\t\t\t\tdata-text=\"s:15;l:40;fw:500;\"\n\t\t\t\t\t\t\t\tdata-padding=\"t:1;r:55;b:1;l:23;\"\n\t\t\t\t\t\t\t\tdata-border=\"bos:solid;boc:rgba(0,0,0,1);bow:1px,1px,1px,1px;\"\n\t\t\t\t\t\t\t\tdata-frame_0=\"y:10px;\"\n\t\t\t\t\t\t\t\tdata-frame_1=\"e:power3.out;st:900;sp:500;\"\n\t\t\t\t\t\t\t\tdata-frame_999=\"y:10px;o:0;st:w;sp:1000;\"\n\t\t\t\t\t\t\t\tdata-frame_hover=\"c:#000;bgc:#eee;boc:#000;bor:0px,0px,0px,0px;bos:solid;bow:1px,1px,1px,1px;oX:50;oY:50;sp:200;e:power1.inOut;\"\n\t\t\t\t\t\t\t\tstyle=\"z-index:9;background-color:rgba(255,255,255,1);font-family:'Roboto';cursor:pointer;outline:none;box-shadow:none;box-sizing:border-box;-moz-box-sizing:border-box;-webkit-box-sizing:border-box;\"\n\t\t\t\t\t\t\t>Continue Reading \n\t\t\t\t\t\t\t<\/a><!--\n-->\t\t\t\t\t\t<\/rs-slide>\n\t\t\t\t\t<\/rs-slides>\n\t\t\t\t<\/rs-module>\n\t\t\t\t<script>\n\t\t\t\t\tsetREVStartSize({c: 'rev_slider_6_1',rl:[1240,1024,768,480],el:[600,600,600,450],gw:[1200,1024,778,480],gh:[600,600,600,450],type:'standard',justify:'',layout:'fullwidth',mh:\"0\"});if (window.RS_MODULES!==undefined && window.RS_MODULES.modules!==undefined && window.RS_MODULES.modules[\"revslider61\"]!==undefined) {window.RS_MODULES.modules[\"revslider61\"].once = false;window.revapi6 = undefined;if (window.RS_MODULES.checkMinimal!==undefined) window.RS_MODULES.checkMinimal()}\n\t\t\t\t<\/script>\n\t\t\t<\/rs-module-wrap>\n\t\t\t<!-- END REVOLUTION SLIDER -->\n<\/div>\r\n\r\n\t\t\t\t<\/div>\n\t\t\t\t<\/div>\n\t\t\t\t\t<\/div>\n\t\t<\/div>\n\t\t\t\t\t<\/div>\n\t\t<\/section>\n\t\t\t\t<section class=\"elementor-section elementor-top-section elementor-element elementor-element-99a38de elementor-section-boxed elementor-section-height-default elementor-section-height-default\" data-id=\"99a38de\" data-element_type=\"section\">\n\t\t\t\t\t\t<div class=\"elementor-container elementor-column-gap-default\">\n\t\t\t\t\t<div class=\"elementor-column elementor-col-100 elementor-top-column elementor-element elementor-element-77c6ffb\" data-id=\"77c6ffb\" data-element_type=\"column\">\n\t\t\t<div class=\"elementor-widget-wrap elementor-element-populated\">\n\t\t\t\t\t\t<div class=\"elementor-element elementor-element-2390639 elementor-grid-3 elementor-grid-tablet-2 elementor-grid-mobile-1 elementor-posts--thumbnail-top elementor-card-shadow-yes elementor-posts__hover-gradient elementor-widget elementor-widget-posts\" data-id=\"2390639\" data-element_type=\"widget\" data-settings=\"{&quot;cards_columns&quot;:&quot;3&quot;,&quot;cards_columns_tablet&quot;:&quot;2&quot;,&quot;cards_columns_mobile&quot;:&quot;1&quot;,&quot;cards_row_gap&quot;:{&quot;unit&quot;:&quot;px&quot;,&quot;size&quot;:35,&quot;sizes&quot;:[]},&quot;cards_row_gap_tablet&quot;:{&quot;unit&quot;:&quot;px&quot;,&quot;size&quot;:&quot;&quot;,&quot;sizes&quot;:[]},&quot;cards_row_gap_mobile&quot;:{&quot;unit&quot;:&quot;px&quot;,&quot;size&quot;:&quot;&quot;,&quot;sizes&quot;:[]}}\" data-widget_type=\"posts.cards\">\n\t\t\t\t<div class=\"elementor-widget-container\">\n\t\t\t\t\t<div class=\"elementor-posts-container elementor-posts elementor-posts--skin-cards elementor-grid\">\n\t\t\t\t<article class=\"elementor-post elementor-grid-item post-3705 post type-post status-publish format-standard has-post-thumbnail hentry category-restaurants-fr tag-restaurant-fr\">\n\t\t\t<div class=\"elementor-post__card\">\n\t\t\t\t<a class=\"elementor-post__thumbnail__link\" href=\"https:\/\/rightfranceriviera.com\/fr\/10-fabuleux-restaurants-entre-nice-et-monaco\" tabindex=\"-1\" ><div class=\"elementor-post__thumbnail\"><img decoding=\"async\" width=\"300\" height=\"200\" src=\"https:\/\/rightfranceriviera.com\/wp-content\/uploads\/Cauvin-Chez-Nana-Peille.jpg\" class=\"attachment-medium size-medium wp-image-4744\" alt=\"Restaurant Cauvin Chez Nana\" loading=\"eager\" \/><\/div><\/a>\n\t\t\t\t<div class=\"elementor-post__badge\">Restaurants<\/div>\n\t\t\t\t<div class=\"elementor-post__text\">\n\t\t\t\t<h4 class=\"elementor-post__title\">\n\t\t\t<a href=\"https:\/\/rightfranceriviera.com\/fr\/10-fabuleux-restaurants-entre-nice-et-monaco\" >\n\t\t\t\t10 fabuleux restaurants entre Nice et Monaco\t\t\t<\/a>\n\t\t<\/h4>\n\t\t\t\t<div class=\"elementor-post__excerpt\">\n\t\t\t<p>Une bonne exp\u00e9rience culinaire ne doit pas n\u00e9cessairement se limiter \u00e0 des \u00e9toiles Michelin ou \u00e0 des lieux exotiques. Parfois, le restaurant id\u00e9al peut \u00eatre<\/p>\n\t\t<\/div>\n\t\t\n\t\t<a class=\"elementor-post__read-more\" href=\"https:\/\/rightfranceriviera.com\/fr\/10-fabuleux-restaurants-entre-nice-et-monaco\" aria-label=\"En savoir plus sur 10 fabuleux restaurants entre Nice et Monaco\" tabindex=\"-1\" >\n\t\t\tEn savoir plus \u00bb\t\t<\/a>\n\n\t\t\t\t<\/div>\n\t\t\t\t\t<\/div>\n\t\t<\/article>\n\t\t\t\t<\/div>\n\t\t\n\t\t\t\t<\/div>\n\t\t\t\t<\/div>\n\t\t\t\t\t<\/div>\n\t\t<\/div>\n\t\t\t\t\t<\/div>\n\t\t<\/section>\n\t\t\t\t<section class=\"elementor-section elementor-top-section elementor-element elementor-element-3fa17f7 elementor-section-boxed elementor-section-height-default elementor-section-height-default\" data-id=\"3fa17f7\" data-element_type=\"section\">\n\t\t\t\t\t\t<div class=\"elementor-container elementor-column-gap-default\">\n\t\t\t\t\t<div class=\"elementor-column elementor-col-100 elementor-top-column elementor-element elementor-element-772e795\" data-id=\"772e795\" data-element_type=\"column\">\n\t\t\t<div class=\"elementor-widget-wrap elementor-element-populated\">\n\t\t\t\t\t\t<div class=\"elementor-element elementor-element-4618ec1 elementor-widget elementor-widget-spacer\" data-id=\"4618ec1\" data-element_type=\"widget\" data-widget_type=\"spacer.default\">\n\t\t\t\t<div class=\"elementor-widget-container\">\n\t\t\t\t\t<div class=\"elementor-spacer\">\n\t\t\t<div class=\"elementor-spacer-inner\"><\/div>\n\t\t<\/div>\n\t\t\t\t<\/div>\n\t\t\t\t<\/div>\n\t\t\t\t\t<\/div>\n\t\t<\/div>\n\t\t\t\t\t<\/div>\n\t\t<\/section>\n\t\t\t\t<\/div>\n\t\t","protected":false},"excerpt":{"rendered":"","protected":false},"author":1,"featured_media":0,"parent":0,"menu_order":0,"comment_status":"closed","ping_status":"closed","template":"elementor_header_footer","meta":{"footnotes":""},"class_list":["post-3694","page","type-page","status-publish","hentry"],"yoast_head":"<!-- This site is optimized with the Yoast SEO plugin v25.0 - https:\/\/yoast.com\/wordpress\/plugins\/seo\/ -->\n<title>Blog - Right France Riviera<\/title>\n<meta name=\"robots\" content=\"index, follow, max-snippet:-1, max-image-preview:large, max-video-preview:-1\" \/>\n<link rel=\"canonical\" href=\"https:\/\/rightfranceriviera.com\/fr\/blog\" \/>\n<meta property=\"og:locale\" content=\"fr_FR\" \/>\n<meta property=\"og:type\" content=\"article\" \/>\n<meta property=\"og:title\" content=\"Blog - Right France Riviera\" \/>\n<meta property=\"og:url\" content=\"https:\/\/rightfranceriviera.com\/fr\/blog\" \/>\n<meta property=\"og:site_name\" content=\"Right France Riviera\" \/>\n<meta property=\"article:modified_time\" content=\"2020-12-01T15:48:57+00:00\" \/>\n<meta name=\"twitter:card\" content=\"summary_large_image\" \/>\n<script type=\"application\/ld+json\" class=\"yoast-schema-graph\">{\"@context\":\"https:\/\/schema.org\",\"@graph\":[{\"@type\":\"WebPage\",\"@id\":\"https:\/\/rightfranceriviera.com\/fr\/blog\",\"url\":\"https:\/\/rightfranceriviera.com\/fr\/blog\",\"name\":\"Blog - Right France Riviera\",\"isPartOf\":{\"@id\":\"https:\/\/rightfranceriviera.com\/fr#website\"},\"datePublished\":\"2020-12-01T15:00:12+00:00\",\"dateModified\":\"2020-12-01T15:48:57+00:00\",\"breadcrumb\":{\"@id\":\"https:\/\/rightfranceriviera.com\/fr\/blog#breadcrumb\"},\"inLanguage\":\"fr-FR\",\"potentialAction\":[{\"@type\":\"ReadAction\",\"target\":[\"https:\/\/rightfranceriviera.com\/fr\/blog\"]}]},{\"@type\":\"BreadcrumbList\",\"@id\":\"https:\/\/rightfranceriviera.com\/fr\/blog#breadcrumb\",\"itemListElement\":[{\"@type\":\"ListItem\",\"position\":1,\"name\":\"Home\",\"item\":\"https:\/\/rightfranceriviera.com\/fr\"},{\"@type\":\"ListItem\",\"position\":2,\"name\":\"Blog\"}]},{\"@type\":\"WebSite\",\"@id\":\"https:\/\/rightfranceriviera.com\/fr#website\",\"url\":\"https:\/\/rightfranceriviera.com\/fr\",\"name\":\"Right France Riviera\",\"description\":\"R\u00eave de la C\u00f4te d'Azur\",\"potentialAction\":[{\"@type\":\"SearchAction\",\"target\":{\"@type\":\"EntryPoint\",\"urlTemplate\":\"https:\/\/rightfranceriviera.com\/fr?s={search_term_string}\"},\"query-input\":{\"@type\":\"PropertyValueSpecification\",\"valueRequired\":true,\"valueName\":\"search_term_string\"}}],\"inLanguage\":\"fr-FR\"}]}<\/script>\n<!-- \/ Yoast SEO plugin. -->","yoast_head_json":{"title":"Blog - Right France Riviera","robots":{"index":"index","follow":"follow","max-snippet":"max-snippet:-1","max-image-preview":"max-image-preview:large","max-video-preview":"max-video-preview:-1"},"canonical":"https:\/\/rightfranceriviera.com\/fr\/blog","og_locale":"fr_FR","og_type":"article","og_title":"Blog - Right France Riviera","og_url":"https:\/\/rightfranceriviera.com\/fr\/blog","og_site_name":"Right France Riviera","article_modified_time":"2020-12-01T15:48:57+00:00","twitter_card":"summary_large_image","schema":{"@context":"https:\/\/schema.org","@graph":[{"@type":"WebPage","@id":"https:\/\/rightfranceriviera.com\/fr\/blog","url":"https:\/\/rightfranceriviera.com\/fr\/blog","name":"Blog - Right France Riviera","isPartOf":{"@id":"https:\/\/rightfranceriviera.com\/fr#website"},"datePublished":"2020-12-01T15:00:12+00:00","dateModified":"2020-12-01T15:48:57+00:00","breadcrumb":{"@id":"https:\/\/rightfranceriviera.com\/fr\/blog#breadcrumb"},"inLanguage":"fr-FR","potentialAction":[{"@type":"ReadAction","target":["https:\/\/rightfranceriviera.com\/fr\/blog"]}]},{"@type":"BreadcrumbList","@id":"https:\/\/rightfranceriviera.com\/fr\/blog#breadcrumb","itemListElement":[{"@type":"ListItem","position":1,"name":"Home","item":"https:\/\/rightfranceriviera.com\/fr"},{"@type":"ListItem","position":2,"name":"Blog"}]},{"@type":"WebSite","@id":"https:\/\/rightfranceriviera.com\/fr#website","url":"https:\/\/rightfranceriviera.com\/fr","name":"Right France Riviera","description":"R\u00eave de la C\u00f4te d'Azur","potentialAction":[{"@type":"SearchAction","target":{"@type":"EntryPoint","urlTemplate":"https:\/\/rightfranceriviera.com\/fr?s={search_term_string}"},"query-input":{"@type":"PropertyValueSpecification","valueRequired":true,"valueName":"search_term_string"}}],"inLanguage":"fr-FR"}]}},"_links":{"self":[{"href":"https:\/\/rightfranceriviera.com\/fr\/wp-json\/wp\/v2\/pages\/3694","targetHints":{"allow":["GET"]}}],"collection":[{"href":"https:\/\/rightfranceriviera.com\/fr\/wp-json\/wp\/v2\/pages"}],"about":[{"href":"https:\/\/rightfranceriviera.com\/fr\/wp-json\/wp\/v2\/types\/page"}],"author":[{"embeddable":true,"href":"https:\/\/rightfranceriviera.com\/fr\/wp-json\/wp\/v2\/users\/1"}],"replies":[{"embeddable":true,"href":"https:\/\/rightfranceriviera.com\/fr\/wp-json\/wp\/v2\/comments?post=3694"}],"version-history":[{"count":4,"href":"https:\/\/rightfranceriviera.com\/fr\/wp-json\/wp\/v2\/pages\/3694\/revisions"}],"predecessor-version":[{"id":3727,"href":"https:\/\/rightfranceriviera.com\/fr\/wp-json\/wp\/v2\/pages\/3694\/revisions\/3727"}],"wp:attachment":[{"href":"https:\/\/rightfranceriviera.com\/fr\/wp-json\/wp\/v2\/media?parent=3694"}],"curies":[{"name":"wp","href":"https:\/\/api.w.org\/{rel}","templated":true}]}}