{"id":3674,"date":"2020-12-01T14:35:52","date_gmt":"2020-12-01T14:35:52","guid":{"rendered":"http:\/\/rightfranceriviera.com\/vendre-votre-bien"},"modified":"2024-06-04T10:03:03","modified_gmt":"2024-06-04T10:03:03","slug":"vendre-votre-bien-cote-dazur","status":"publish","type":"page","link":"https:\/\/rightfranceriviera.com\/fr\/vendre-votre-bien-cote-dazur","title":{"rendered":"Vendre votre bien"},"content":{"rendered":"\t\t<div data-elementor-type=\"wp-post\" data-elementor-id=\"3674\" class=\"elementor elementor-3674 elementor-2418\" data-elementor-post-type=\"page\">\n\t\t\t\t\t\t<section class=\"elementor-section elementor-top-section elementor-element elementor-element-48823ff elementor-section-boxed elementor-section-height-default elementor-section-height-default\" data-id=\"48823ff\" data-element_type=\"section\">\n\t\t\t\t\t\t<div class=\"elementor-container elementor-column-gap-default\">\n\t\t\t\t\t<div class=\"elementor-column elementor-col-100 elementor-top-column elementor-element elementor-element-ee111f3\" data-id=\"ee111f3\" data-element_type=\"column\">\n\t\t\t<div class=\"elementor-widget-wrap elementor-element-populated\">\n\t\t\t\t\t\t<div class=\"elementor-element elementor-element-7454cda elementor-widget elementor-widget-slider_revolution\" data-id=\"7454cda\" data-element_type=\"widget\" data-widget_type=\"slider_revolution.default\">\n\t\t\t\t<div class=\"elementor-widget-container\">\n\t\t\t\r\n\t\t<div class=\"wp-block-themepunch-revslider\">\n\t\t\t<!-- START Video Hero1 1 REVOLUTION SLIDER 6.6.15 --><p class=\"rs-p-wp-fix\"><\/p>\n\t\t\t<rs-module-wrap id=\"rev_slider_21_1_wrapper\" data-source=\"gallery\" style=\"visibility:hidden;background:transparent;padding:0;margin:0px auto;margin-top:0;margin-bottom:0;\">\n\t\t\t\t<rs-module id=\"rev_slider_21_1\" style=\"\" data-version=\"6.6.15\">\n\t\t\t\t\t<rs-slides style=\"overflow: hidden; position: absolute;\">\n\t\t\t\t\t\t<rs-slide style=\"position: absolute;\" data-key=\"rs-57\" data-title=\"Video - FR\" data-anim=\"ms:500ms;\" data-in=\"o:0;\" data-out=\"a:false;\">\n\t\t\t\t\t\t\t<img decoding=\"async\" src=\"\/\/rightfranceriviera.com\/wp-content\/plugins\/revslider\/public\/assets\/assets\/dummy.png\" alt=\"\" title=\"Vendre votre bien\" class=\"rev-slidebg tp-rs-img rs-lazyload\" data-lazyload=\"\/\/rightfranceriviera.com\/wp-content\/plugins\/revslider\/public\/assets\/assets\/transparent.png\" data-parallax=\"14\" data-no-retina>\n\t\t\t\t\t\t\t<rs-bgvideo \n\t\t\t\t\t\t\t\tdata-video=\"vc:none;w:100%;h:100%;nse:false;l:true;ptimer:false;\"\n\t\t\t\t\t\t\t\tdata-ytid=\"I6kppKXEQS0\"\n\t\t\t\t\t\t\t\tdata-vatr=\"version=3&amp;enablejsapi=1&amp;html5=1&amp;hd=1&amp;wmode=opaque&amp;showinfo=0&amp;rel=0&amp;origin=https:\/\/rightfranceriviera.com;\"\n\t\t\t\t\t\t\t><\/rs-bgvideo>\n<!--\t\t\t\t\t\t--><rs-zone id=\"rrzt_57\" class=\"rev_row_zone_top\" style=\"z-index: 10;\"><!--\n\n\t\t\t\t\t\t\t\t--><rs-row\n\t\t\t\t\t\t\t\t\tid=\"slider-21-slide-57-layer-0\" \n\t\t\t\t\t\t\t\t\tdata-type=\"row\"\n\t\t\t\t\t\t\t\t\tdata-xy=\"xo:50px;yo:50px;\"\n\t\t\t\t\t\t\t\t\tdata-rsp_bd=\"off\"\n\t\t\t\t\t\t\t\t\tdata-margin=\"t:150,140,120,90;\"\n\t\t\t\t\t\t\t\t\tdata-frame_0=\"o:1;\"\n\t\t\t\t\t\t\t\t\tdata-frame_999=\"o:0;st:w;sR:8700;sA:9000;\"\n\t\t\t\t\t\t\t\t\tstyle=\"z-index:1;\"\n\t\t\t\t\t\t\t\t><!--\n\t\t\t\t\t\t\t\t\t--><rs-column\n\t\t\t\t\t\t\t\t\t\tid=\"slider-21-slide-57-layer-1\" \n\t\t\t\t\t\t\t\t\t\tdata-type=\"column\"\n\t\t\t\t\t\t\t\t\t\tdata-xy=\"xo:50px;yo:50px;\"\n\t\t\t\t\t\t\t\t\t\tdata-text=\"a:center;\"\n\t\t\t\t\t\t\t\t\t\tdata-rsp_bd=\"off\"\n\t\t\t\t\t\t\t\t\t\tdata-column=\"w:100%;\"\n\t\t\t\t\t\t\t\t\t\tdata-frame_0=\"o:1;\"\n\t\t\t\t\t\t\t\t\t\tdata-frame_999=\"o:0;st:w;sR:8700;sA:9000;\"\n\t\t\t\t\t\t\t\t\t\tstyle=\"z-index:2;width:100%;\"\n\t\t\t\t\t\t\t\t\t><!--\t\t\t\t\t\t\t\t\t--><\/rs-column><!--\n\t\t\t\t\t\t\t\t--><\/rs-row><!--\n\t\t\t\t\t\t\t--><\/rs-zone><!--\n\n\t\t\t\t\t\t\t--><rs-layer\n\t\t\t\t\t\t\t\tid=\"slider-21-slide-57-layer-4\" \n\t\t\t\t\t\t\t\tdata-type=\"text\"\n\t\t\t\t\t\t\t\tdata-xy=\"x:l,l,l,c;xo:173px,180px,119px,-5px;yo:84px,90px,77px,117px;\"\n\t\t\t\t\t\t\t\tdata-text=\"w:normal;s:50,40,40,23;l:100,80,60,30;a:center;\"\n\t\t\t\t\t\t\t\tdata-rsp_o=\"off\"\n\t\t\t\t\t\t\t\tdata-frame_0=\"y:0,0,0,0px;sX:0.5;sY:0.5;blu:20px;\"\n\t\t\t\t\t\t\t\tdata-frame_1=\"x:0,0,0,0px;y:0,0,0,0px;e:power4.out;st:300;sp:1000;sR:300;\"\n\t\t\t\t\t\t\t\tdata-frame_999=\"o:0;st:w;sR:7700;\"\n\t\t\t\t\t\t\t\tstyle=\"z-index:11;font-family:'Lato';\"\n\t\t\t\t\t\t\t>Vendre votre propri\u00e9t\u00e9 sur la C\u00f4te d'Azur \n\t\t\t\t\t\t\t<\/rs-layer><!--\n\n\t\t\t\t\t\t\t--><rs-layer\n\t\t\t\t\t\t\t\tid=\"slider-21-slide-57-layer-5\" \n\t\t\t\t\t\t\t\tdata-type=\"text\"\n\t\t\t\t\t\t\t\tdata-xy=\"x:l,l,l,c;xo:170px,183px,140px,-4px;yo:210px,168px,206px,187px;\"\n\t\t\t\t\t\t\t\tdata-text=\"w:normal;s:17,15,15,14;l:30,20,25,16;a:center;\"\n\t\t\t\t\t\t\t\tdata-dim=\"w:866px,673px,481px,330px;h:auto,85px,auto,114px;\"\n\t\t\t\t\t\t\t\tdata-rsp_o=\"off\"\n\t\t\t\t\t\t\t\tdata-rsp_bd=\"off\"\n\t\t\t\t\t\t\t\tdata-margin=\"t:50,40,30,20;\"\n\t\t\t\t\t\t\t\tdata-frame_0=\"y:0,0px,0px,0px;sX:0.5;sY:0.5;blu:20px;\"\n\t\t\t\t\t\t\t\tdata-frame_1=\"x:0,0px,0px,0px;y:0,0px,0px,0px;e:power4.out;st:350;sp:1000;sR:350;\"\n\t\t\t\t\t\t\t\tdata-frame_999=\"o:0;st:w;sR:7650;\"\n\t\t\t\t\t\t\t\tstyle=\"z-index:12;font-family:'Montserrat';\"\n\t\t\t\t\t\t\t>Touchez un public mondial avec l'une des principales agences immobili\u00e8res internationales en France. Dan Norris, agent immobilier ind\u00e9pendant, est sp\u00e9cialis\u00e9 dans les propri\u00e9t\u00e9s de luxe et de caract\u00e8re entre Nice et Monaco. \n\t\t\t\t\t\t\t<\/rs-layer><!--\n\n\t\t\t\t\t\t\t--><rs-layer\n\t\t\t\t\t\t\t\tid=\"slider-21-slide-57-layer-11\" \n\t\t\t\t\t\t\t\tdata-type=\"shape\"\n\t\t\t\t\t\t\t\tdata-rsp_ch=\"on\"\n\t\t\t\t\t\t\t\tdata-xy=\"x:l,l,l,c;xo:-4px,-3px,-2px,0;yo:-1px,0,0,0;\"\n\t\t\t\t\t\t\t\tdata-text=\"w:normal;s:20,16,12,7;l:0,20,15,9;\"\n\t\t\t\t\t\t\t\tdata-dim=\"w:100%;h:100%;\"\n\t\t\t\t\t\t\t\tdata-basealign=\"slide\"\n\t\t\t\t\t\t\t\tdata-frame_1=\"e:power2.inOut;sp:500;\"\n\t\t\t\t\t\t\t\tdata-frame_999=\"o:0;e:power2.inOut;st:w;sp:500;sR:8500;\"\n\t\t\t\t\t\t\t\tstyle=\"z-index:8;background-color:rgba(0,0,0,0.25);\"\n\t\t\t\t\t\t\t> \n\t\t\t\t\t\t\t<\/rs-layer><!--\n-->\t\t\t\t\t\t<\/rs-slide>\n\t\t\t\t\t<\/rs-slides>\n\t\t\t\t<\/rs-module>\n\t\t\t\t<script>\n\t\t\t\t\tsetREVStartSize({c: 'rev_slider_21_1',rl:[1240,1024,768,480],el:[530,570,472,352],gw:[1240,1024,778,480],gh:[530,570,472,352],type:'hero',justify:'',layout:'fullwidth',mh:\"0\"});if (window.RS_MODULES!==undefined && window.RS_MODULES.modules!==undefined && window.RS_MODULES.modules[\"revslider211\"]!==undefined) {window.RS_MODULES.modules[\"revslider211\"].once = false;window.revapi21 = undefined;if (window.RS_MODULES.checkMinimal!==undefined) window.RS_MODULES.checkMinimal()}\n\t\t\t\t<\/script>\n\t\t\t\t<script src=\"https:\/\/www.youtube.com\/iframe_api\"><\/script>\n\t\t\t<\/rs-module-wrap>\n\t\t\t<!-- END REVOLUTION SLIDER -->\n<\/div>\r\n\r\n\t\t\t\t<\/div>\n\t\t\t\t<\/div>\n\t\t\t\t\t<\/div>\n\t\t<\/div>\n\t\t\t\t\t<\/div>\n\t\t<\/section>\n\t\t\t\t<section class=\"elementor-section elementor-top-section elementor-element elementor-element-5cd3a32 elementor-section-boxed elementor-section-height-default elementor-section-height-default\" data-id=\"5cd3a32\" data-element_type=\"section\">\n\t\t\t\t\t\t<div class=\"elementor-container elementor-column-gap-default\">\n\t\t\t\t\t<div class=\"elementor-column elementor-col-100 elementor-top-column elementor-element elementor-element-393ed46\" data-id=\"393ed46\" data-element_type=\"column\">\n\t\t\t<div class=\"elementor-widget-wrap elementor-element-populated\">\n\t\t\t\t\t\t<div class=\"elementor-element elementor-element-6b37164 elementor-cta--skin-classic elementor-animated-content elementor-bg-transform elementor-bg-transform-zoom-in elementor-widget elementor-widget-call-to-action\" data-id=\"6b37164\" data-element_type=\"widget\" data-widget_type=\"call-to-action.default\">\n\t\t\t\t<div class=\"elementor-widget-container\">\n\t\t\t\t\t<div class=\"elementor-cta\">\n\t\t\t\t\t\t\t<div class=\"elementor-cta__content\">\n\t\t\t\t\n\t\t\t\t\t\t\t\t\t<h2 class=\"elementor-cta__title elementor-cta__content-item elementor-content-item\">\n\t\t\t\t\t\tD\u00e9signez votre responsable commercial personnel aupr\u00e8s de Right France\t\t\t\t\t<\/h2>\n\t\t\t\t\n\t\t\t\t\t\t\t\t\t<div class=\"elementor-cta__description elementor-cta__content-item elementor-content-item\">\n\t\t\t\t\t\t<p>Un seul point de contact. Un acc\u00e8s au plus large choix possible d'agents immobiliers, locaux et internationaux. Contr\u00f4le total de vos images et descriptions. Retour d'information complet sur les visites, les visiteurs et le march\u00e9 local. L'assurance que votre La propri\u00e9t\u00e9 sera toujours \u00e0 son meilleur pour les visites. Photos, vid\u00e9os et m\u00e9dias sociaux de tr\u00e8s haute qualit\u00e9 La couverture... Prenez le contr\u00f4le total de la vente de votre propri\u00e9t\u00e9, et obtenez le bon r\u00e9sultat - plus rapidement, avec Right France.<\/p>\t\t\t\t\t<\/div>\n\t\t\t\t\n\t\t\t\t\t\t\t\t\t<div class=\"elementor-cta__button-wrapper elementor-cta__content-item elementor-content-item \">\n\t\t\t\t\t<a class=\"elementor-cta__button elementor-button elementor-size-sm\" href=\"http:\/\/rightfranceriviera.com\/personal-sales-manager-french-riviera\">\n\t\t\t\t\t\tCliquez ici pour en savoir plus sur notre service sur mesure\t\t\t\t\t<\/a>\n\t\t\t\t\t<\/div>\n\t\t\t\t\t\t\t<\/div>\n\t\t\t\t\t\t<\/div>\n\t\t\t\t<\/div>\n\t\t\t\t<\/div>\n\t\t\t\t\t<\/div>\n\t\t<\/div>\n\t\t\t\t\t<\/div>\n\t\t<\/section>\n\t\t\t\t<section class=\"elementor-section elementor-top-section elementor-element elementor-element-0ee09f6 elementor-section-boxed elementor-section-height-default elementor-section-height-default\" data-id=\"0ee09f6\" data-element_type=\"section\">\n\t\t\t\t\t\t<div class=\"elementor-container elementor-column-gap-default\">\n\t\t\t\t\t<div class=\"elementor-column elementor-col-100 elementor-top-column elementor-element elementor-element-6b4dd59\" data-id=\"6b4dd59\" data-element_type=\"column\">\n\t\t\t<div class=\"elementor-widget-wrap elementor-element-populated\">\n\t\t\t\t\t\t<div class=\"elementor-element elementor-element-cae6b15 elementor-widget elementor-widget-text-editor\" data-id=\"cae6b15\" data-element_type=\"widget\" data-widget_type=\"text-editor.default\">\n\t\t\t\t<div class=\"elementor-widget-container\">\n\t\t\t\t\t\t\t\t\t\t\t\t\t<\/div>\n\t\t\t\t<\/div>\n\t\t\t\t<div class=\"elementor-element elementor-element-69a20b1 elementor-widget elementor-widget-text-editor\" data-id=\"69a20b1\" data-element_type=\"widget\" data-widget_type=\"text-editor.default\">\n\t\t\t\t<div class=\"elementor-widget-container\">\n\t\t\t\t\t\t\t<h4>Vendez votre propri\u00e9t\u00e9 avec <strong>Dan Norris<\/strong><\/h4><p>Chez Right France Riviera, nous savons ce qu&#8217;il faut faire pour vendre votre propri\u00e9t\u00e9. Notre rayon d&#8217;action s&#8217;\u00e9tend \u00e0 travers le monde et nous travaillons directement en association avec l&#8217;une des plus grandes agences immobili\u00e8res internationales en France. Notre r\u00e9seau de clients internationaux est in\u00e9gal\u00e9. Nous travaillons en partenariat avec de nombreuses agences locales sur la C\u00f4te d&#8217;Azur, ce qui nous permet d&#8217;avoir un acc\u00e8s privil\u00e9gi\u00e9 aux visiteurs et aux touristes qui envisagent d&#8217;acheter dans la r\u00e9gion. Notre \u00e9quipe informatique travaille chaque jour pour s&#8217;assurer que nos propri\u00e9t\u00e9s sont vues dans le monde entier et dans les pays cl\u00e9s, afin d&#8217;obtenir une exposition en ligne maximale pour votre propri\u00e9t\u00e9. Votre propri\u00e9t\u00e9 sera \u00e9galement pr\u00e9sent\u00e9e sur tous les principaux portails immobiliers.<\/p><p>Chez Right France, nous savons comment mettre votre bien en valeur. Nous pouvons vous conseiller et vous aider pour tous les travaux \u00e0 entreprendre &#8211; comme une couche de peinture rafra\u00eechissante ou des r\u00e9parations mineures &#8211; afin de minimiser les inqui\u00e9tudes des acheteurs potentiels et de mettre votre propri\u00e9t\u00e9 en valeur. Notre \u00e9quipe immobili\u00e8re locale dispose des toutes derni\u00e8res technologies et techniques photographiques, des appareils photo 360&#8242; pour les visites virtuelles, aux cam\u00e9ras haute r\u00e9solution et aux logiciels de montage avanc\u00e9s, tous con\u00e7us pour capturer et montrer votre propri\u00e9t\u00e9 sous son meilleur jour. Notre \u00e9quipe immobili\u00e8re comprend les exigences des acheteurs internationaux et est sp\u00e9cialis\u00e9e dans la gestion et l&#8217;organisation de visites et de &#8220;journ\u00e9es de rep\u00e9rage&#8221; pour les visiteurs avec un minimum de temps disponible &#8211; cliquez ici pour voir les d\u00e9tails de notre service de recherche de propri\u00e9t\u00e9s. Nous parlons aussi couramment l&#8217;anglais et le fran\u00e7ais, ce qui simplifie grandement la liaison entre les fonctionnaires et les professionnels locaux.<\/p><p>En collaboration avec l&#8217;\u00e9quipe, votre agent immobilier g\u00e8re la vente de votre propri\u00e9t\u00e9 depuis le premier contact, en passant par les visites, jusqu&#8217;\u00e0 l&#8217;\u00e9tape de l&#8217;offre, le contrat de vente et la vente finale. Nous pouvons travailler en collaboration avec d&#8217;autres agents locaux et vous conseiller sur tous les aspects du processus de vente.<\/p><p>Votre conseiller en immobilier personnel Right France et l&#8217;agent immobilier ind\u00e9pendant Dan Norris vous apporteront toute l&#8217;expertise n\u00e9cessaire \u00e0 la vente de votre propri\u00e9t\u00e9. Faites confiance \u00e0 Right France pour y parvenir.<\/p>\t\t\t\t\t\t<\/div>\n\t\t\t\t<\/div>\n\t\t\t\t<div class=\"elementor-element elementor-element-943997b elementor-widget elementor-widget-text-editor\" data-id=\"943997b\" data-element_type=\"widget\" data-widget_type=\"text-editor.default\">\n\t\t\t\t<div class=\"elementor-widget-container\">\n\t\t\t\t\t\t\t\t\t\t\t\t\t<\/div>\n\t\t\t\t<\/div>\n\t\t\t\t\t<\/div>\n\t\t<\/div>\n\t\t\t\t\t<\/div>\n\t\t<\/section>\n\t\t\t\t<section class=\"elementor-section elementor-top-section elementor-element elementor-element-4be1465 elementor-section-boxed elementor-section-height-default elementor-section-height-default\" data-id=\"4be1465\" data-element_type=\"section\">\n\t\t\t\t\t\t<div class=\"elementor-container elementor-column-gap-default\">\n\t\t\t\t\t<div class=\"elementor-column elementor-col-100 elementor-top-column elementor-element elementor-element-53ccc15\" data-id=\"53ccc15\" data-element_type=\"column\">\n\t\t\t<div class=\"elementor-widget-wrap elementor-element-populated\">\n\t\t\t\t\t\t<div class=\"elementor-element elementor-element-f1b06c8 elementor-widget elementor-widget-shortcode\" data-id=\"f1b06c8\" data-element_type=\"widget\" data-widget_type=\"shortcode.default\">\n\t\t\t\t<div class=\"elementor-widget-container\">\n\t\t\t\t\t<div class=\"elementor-shortcode\">\n<div class=\"wpcf7 no-js\" id=\"wpcf7-f4538-o1\" lang=\"en-US\" dir=\"ltr\" data-wpcf7-id=\"4538\">\n<div class=\"screen-reader-response\"><p role=\"status\" aria-live=\"polite\" aria-atomic=\"true\"><\/p> <ul><\/ul><\/div>\n<form action=\"\/fr\/wp-json\/wp\/v2\/pages\/3674#wpcf7-f4538-o1\" method=\"post\" class=\"wpcf7-form init\" aria-label=\"Contact form\" novalidate=\"novalidate\" data-status=\"init\">\n<div style=\"display: none;\">\n<input type=\"hidden\" name=\"_wpcf7\" value=\"4538\" \/>\n<input type=\"hidden\" name=\"_wpcf7_version\" value=\"6.0.6\" \/>\n<input type=\"hidden\" name=\"_wpcf7_locale\" value=\"en_US\" \/>\n<input type=\"hidden\" name=\"_wpcf7_unit_tag\" value=\"wpcf7-f4538-o1\" \/>\n<input type=\"hidden\" name=\"_wpcf7_container_post\" value=\"0\" \/>\n<input type=\"hidden\" name=\"_wpcf7_posted_data_hash\" value=\"\" \/>\n<input type=\"hidden\" name=\"_wpcf7_recaptcha_response\" value=\"\" \/>\n<\/div>\n<p><label> Your name<br \/>\n<span class=\"wpcf7-form-control-wrap\" data-name=\"your-name\"><input size=\"40\" maxlength=\"400\" class=\"wpcf7-form-control wpcf7-text wpcf7-validates-as-required\" aria-required=\"true\" aria-invalid=\"false\" value=\"\" type=\"text\" name=\"your-name\" \/><\/span> <\/label>\n<\/p>\n<p><label> Your email<br \/>\n<span class=\"wpcf7-form-control-wrap\" data-name=\"your-email\"><input size=\"40\" maxlength=\"400\" class=\"wpcf7-form-control wpcf7-email wpcf7-validates-as-required wpcf7-text wpcf7-validates-as-email\" aria-required=\"true\" aria-invalid=\"false\" value=\"\" type=\"email\" name=\"your-email\" \/><\/span> <\/label>\n<\/p>\n<p>How did you find us<br \/>\n<span class=\"wpcf7-form-control-wrap\" data-name=\"menu-387\"><select class=\"wpcf7-form-control wpcf7-select wpcf7-validates-as-required\" aria-required=\"true\" aria-invalid=\"false\" name=\"menu-387\"><option value=\"Google search\">Google search<\/option><option value=\"Instagram\">Instagram<\/option><option value=\"Facebook\">Facebook<\/option><option value=\"Twitter\">Twitter<\/option><option value=\"Youtube\">Youtube<\/option><option value=\"Magazine\">Magazine<\/option><\/select><\/span>\n<\/p>\n<p><label> Subject<br \/>\n<span class=\"wpcf7-form-control-wrap\" data-name=\"your-subject\"><input size=\"40\" maxlength=\"400\" class=\"wpcf7-form-control wpcf7-text wpcf7-validates-as-required\" aria-required=\"true\" aria-invalid=\"false\" value=\"\" type=\"text\" name=\"your-subject\" \/><\/span> <\/label>\n<\/p>\n<p><label> Your message<br \/>\n<span class=\"wpcf7-form-control-wrap\" data-name=\"your-message\"><textarea cols=\"40\" rows=\"10\" maxlength=\"2000\" class=\"wpcf7-form-control wpcf7-textarea wpcf7-validates-as-required\" aria-required=\"true\" aria-invalid=\"false\" name=\"your-message\"><\/textarea><\/span> <\/label>\n<\/p>\n<p>[anr_nocaptcha g-recaptcha-response]\n<\/p>\n<p><input class=\"wpcf7-form-control wpcf7-submit has-spinner\" type=\"submit\" value=\"Submit\" \/>\n<\/p><div class=\"wpcf7-response-output\" aria-hidden=\"true\"><\/div>\n<\/form>\n<\/div>\n<\/div>\n\t\t\t\t<\/div>\n\t\t\t\t<\/div>\n\t\t\t\t\t<\/div>\n\t\t<\/div>\n\t\t\t\t\t<\/div>\n\t\t<\/section>\n\t\t\t\t<\/div>\n\t\t","protected":false},"excerpt":{"rendered":"<p>D\u00e9signez votre responsable commercial personnel aupr\u00e8s de Right France Un seul point de contact. Un acc\u00e8s au plus large choix possible d&#8217;agents immobiliers, locaux et internationaux. Contr\u00f4le total de vos images et descriptions. Retour d&#8217;information complet sur les visites, les visiteurs et le march\u00e9 local. L&#8217;assurance que votre La propri\u00e9t\u00e9 sera toujours \u00e0 son meilleur [&hellip;]<\/p>\n","protected":false},"author":1,"featured_media":0,"parent":0,"menu_order":0,"comment_status":"closed","ping_status":"closed","template":"elementor_header_footer","meta":{"footnotes":""},"class_list":["post-3674","page","type-page","status-publish","hentry"],"yoast_head":"<!-- This site is optimized with the Yoast SEO plugin v25.0 - https:\/\/yoast.com\/wordpress\/plugins\/seo\/ -->\n<title>Vendre votre bien - Right France Riviera<\/title>\n<meta name=\"robots\" content=\"index, follow, max-snippet:-1, max-image-preview:large, max-video-preview:-1\" \/>\n<link rel=\"canonical\" href=\"https:\/\/rightfranceriviera.com\/fr\/vendre-votre-bien-cote-dazur\" \/>\n<meta property=\"og:locale\" content=\"fr_FR\" \/>\n<meta property=\"og:type\" content=\"article\" \/>\n<meta property=\"og:title\" content=\"Vendre votre bien - Right France Riviera\" \/>\n<meta property=\"og:description\" content=\"D\u00e9signez votre responsable commercial personnel aupr\u00e8s de Right France Un seul point de contact. Un acc\u00e8s au plus large choix possible d&#8217;agents immobiliers, locaux et internationaux. Contr\u00f4le total de vos images et descriptions. Retour d&#8217;information complet sur les visites, les visiteurs et le march\u00e9 local. L&#8217;assurance que votre La propri\u00e9t\u00e9 sera toujours \u00e0 son meilleur [&hellip;]\" \/>\n<meta property=\"og:url\" content=\"https:\/\/rightfranceriviera.com\/fr\/vendre-votre-bien-cote-dazur\" \/>\n<meta property=\"og:site_name\" content=\"Right France Riviera\" \/>\n<meta property=\"article:modified_time\" content=\"2024-06-04T10:03:03+00:00\" \/>\n<meta name=\"twitter:card\" content=\"summary_large_image\" \/>\n<meta name=\"twitter:label1\" content=\"Dur\u00e9e de lecture estim\u00e9e\" \/>\n\t<meta name=\"twitter:data1\" content=\"3 minutes\" \/>\n<script type=\"application\/ld+json\" class=\"yoast-schema-graph\">{\"@context\":\"https:\/\/schema.org\",\"@graph\":[{\"@type\":\"WebPage\",\"@id\":\"https:\/\/rightfranceriviera.com\/fr\/vendre-votre-bien-cote-dazur\",\"url\":\"https:\/\/rightfranceriviera.com\/fr\/vendre-votre-bien-cote-dazur\",\"name\":\"Vendre votre bien - Right France Riviera\",\"isPartOf\":{\"@id\":\"https:\/\/rightfranceriviera.com\/fr#website\"},\"datePublished\":\"2020-12-01T14:35:52+00:00\",\"dateModified\":\"2024-06-04T10:03:03+00:00\",\"breadcrumb\":{\"@id\":\"https:\/\/rightfranceriviera.com\/fr\/vendre-votre-bien-cote-dazur#breadcrumb\"},\"inLanguage\":\"fr-FR\",\"potentialAction\":[{\"@type\":\"ReadAction\",\"target\":[\"https:\/\/rightfranceriviera.com\/fr\/vendre-votre-bien-cote-dazur\"]}]},{\"@type\":\"BreadcrumbList\",\"@id\":\"https:\/\/rightfranceriviera.com\/fr\/vendre-votre-bien-cote-dazur#breadcrumb\",\"itemListElement\":[{\"@type\":\"ListItem\",\"position\":1,\"name\":\"Home\",\"item\":\"https:\/\/rightfranceriviera.com\/fr\"},{\"@type\":\"ListItem\",\"position\":2,\"name\":\"Vendre votre bien\"}]},{\"@type\":\"WebSite\",\"@id\":\"https:\/\/rightfranceriviera.com\/fr#website\",\"url\":\"https:\/\/rightfranceriviera.com\/fr\",\"name\":\"Right France Riviera\",\"description\":\"R\u00eave de la C\u00f4te d'Azur\",\"potentialAction\":[{\"@type\":\"SearchAction\",\"target\":{\"@type\":\"EntryPoint\",\"urlTemplate\":\"https:\/\/rightfranceriviera.com\/fr?s={search_term_string}\"},\"query-input\":{\"@type\":\"PropertyValueSpecification\",\"valueRequired\":true,\"valueName\":\"search_term_string\"}}],\"inLanguage\":\"fr-FR\"}]}<\/script>\n<!-- \/ Yoast SEO plugin. -->","yoast_head_json":{"title":"Vendre votre bien - Right France Riviera","robots":{"index":"index","follow":"follow","max-snippet":"max-snippet:-1","max-image-preview":"max-image-preview:large","max-video-preview":"max-video-preview:-1"},"canonical":"https:\/\/rightfranceriviera.com\/fr\/vendre-votre-bien-cote-dazur","og_locale":"fr_FR","og_type":"article","og_title":"Vendre votre bien - Right France Riviera","og_description":"D\u00e9signez votre responsable commercial personnel aupr\u00e8s de Right France Un seul point de contact. Un acc\u00e8s au plus large choix possible d&#8217;agents immobiliers, locaux et internationaux. Contr\u00f4le total de vos images et descriptions. Retour d&#8217;information complet sur les visites, les visiteurs et le march\u00e9 local. L&#8217;assurance que votre La propri\u00e9t\u00e9 sera toujours \u00e0 son meilleur [&hellip;]","og_url":"https:\/\/rightfranceriviera.com\/fr\/vendre-votre-bien-cote-dazur","og_site_name":"Right France Riviera","article_modified_time":"2024-06-04T10:03:03+00:00","twitter_card":"summary_large_image","twitter_misc":{"Dur\u00e9e de lecture estim\u00e9e":"3 minutes"},"schema":{"@context":"https:\/\/schema.org","@graph":[{"@type":"WebPage","@id":"https:\/\/rightfranceriviera.com\/fr\/vendre-votre-bien-cote-dazur","url":"https:\/\/rightfranceriviera.com\/fr\/vendre-votre-bien-cote-dazur","name":"Vendre votre bien - Right France Riviera","isPartOf":{"@id":"https:\/\/rightfranceriviera.com\/fr#website"},"datePublished":"2020-12-01T14:35:52+00:00","dateModified":"2024-06-04T10:03:03+00:00","breadcrumb":{"@id":"https:\/\/rightfranceriviera.com\/fr\/vendre-votre-bien-cote-dazur#breadcrumb"},"inLanguage":"fr-FR","potentialAction":[{"@type":"ReadAction","target":["https:\/\/rightfranceriviera.com\/fr\/vendre-votre-bien-cote-dazur"]}]},{"@type":"BreadcrumbList","@id":"https:\/\/rightfranceriviera.com\/fr\/vendre-votre-bien-cote-dazur#breadcrumb","itemListElement":[{"@type":"ListItem","position":1,"name":"Home","item":"https:\/\/rightfranceriviera.com\/fr"},{"@type":"ListItem","position":2,"name":"Vendre votre bien"}]},{"@type":"WebSite","@id":"https:\/\/rightfranceriviera.com\/fr#website","url":"https:\/\/rightfranceriviera.com\/fr","name":"Right France Riviera","description":"R\u00eave de la C\u00f4te d'Azur","potentialAction":[{"@type":"SearchAction","target":{"@type":"EntryPoint","urlTemplate":"https:\/\/rightfranceriviera.com\/fr?s={search_term_string}"},"query-input":{"@type":"PropertyValueSpecification","valueRequired":true,"valueName":"search_term_string"}}],"inLanguage":"fr-FR"}]}},"_links":{"self":[{"href":"https:\/\/rightfranceriviera.com\/fr\/wp-json\/wp\/v2\/pages\/3674","targetHints":{"allow":["GET"]}}],"collection":[{"href":"https:\/\/rightfranceriviera.com\/fr\/wp-json\/wp\/v2\/pages"}],"about":[{"href":"https:\/\/rightfranceriviera.com\/fr\/wp-json\/wp\/v2\/types\/page"}],"author":[{"embeddable":true,"href":"https:\/\/rightfranceriviera.com\/fr\/wp-json\/wp\/v2\/users\/1"}],"replies":[{"embeddable":true,"href":"https:\/\/rightfranceriviera.com\/fr\/wp-json\/wp\/v2\/comments?post=3674"}],"version-history":[{"count":20,"href":"https:\/\/rightfranceriviera.com\/fr\/wp-json\/wp\/v2\/pages\/3674\/revisions"}],"predecessor-version":[{"id":5752,"href":"https:\/\/rightfranceriviera.com\/fr\/wp-json\/wp\/v2\/pages\/3674\/revisions\/5752"}],"wp:attachment":[{"href":"https:\/\/rightfranceriviera.com\/fr\/wp-json\/wp\/v2\/media?parent=3674"}],"curies":[{"name":"wp","href":"https:\/\/api.w.org\/{rel}","templated":true}]}}